{"id":14,"date":"2015-07-07T09:42:05","date_gmt":"2015-07-07T01:42:05","guid":{"rendered":"http:\/\/achieversllc.com\/?page_id=14"},"modified":"2015-10-02T13:23:51","modified_gmt":"2015-10-02T05:23:51","slug":"probate-and-administration-of-estates","status":"publish","type":"page","link":"https:\/\/achieversllc.com\/tr\/probate-and-administration-of-estates\/","title":{"rendered":"Vasiyetnamenin Onaylanmas\u0131 Arazilerin Y\u00f6netimi"},"content":{"rendered":"<p><a href=\"http:\/\/achieversllc.com\/wp-content\/uploads\/2015\/07\/probate1.jpg\"><img loading=\"lazy\" decoding=\"async\" class=\"alignnone size-full wp-image-15\" src=\"http:\/\/achieversllc.com\/wp-content\/uploads\/2015\/07\/probate1.jpg\" alt=\"probate1\" width=\"800\" height=\"532\" srcset=\"https:\/\/achieversllc.com\/wp-content\/uploads\/2015\/07\/probate1.jpg 800w, https:\/\/achieversllc.com\/wp-content\/uploads\/2015\/07\/probate1-300x200.jpg 300w, https:\/\/achieversllc.com\/wp-content\/uploads\/2015\/07\/probate1-140x94.jpg 140w\" sizes=\"auto, (max-width: 800px) 100vw, 800px\" \/><\/a><\/p>\n<p>Ba\u015fsa\u011fl\u0131\u011f\u0131 senin a\u015fk bir \u00f6l\u00fcm\u00fc \u00fczerine. \u00d6l\u00fcm\u00fc \u00fczerine, merhumun varl\u0131klar\u0131 ile bir vasiyetnamenin Grant kadar ele veremem \/ harfler of y\u00f6netim yap\u0131lm\u0131\u015f bir mahkeme taraf\u0131ndan bir ki\u015fi atanmas\u0131 merhumun m\u00fclkiyeti dikkat \u00e7ekmek i\u00e7in ve o i\u00e7in ba\u015fl\u0131kl\u0131 da\u011f\u0131tmak i\u00e7in.<\/p>\n<div><\/div>\n<div>Bu i\u015flem i\u00e7in mahkemeye bir uygulama i\u00e7erir. \u00d6len bir M\u00fcsl\u00fcman ise yararlan\u0131c\u0131lar ascertaining bir \u00f6nceki daha fazla gereksinimi olur.<\/div>\n<div><\/div>\n<div>T\u00fcm s\u00fcre\u00e7 yakla\u015f\u0131k 4 ay s\u00fcrer. Gecikmeler, varsa, genellikle finansal kurumdan yaz\u0131l\u0131 yan\u0131t i\u00e7in bekliyor oldu\u011funu.<\/div>\n<div><\/div>\n<div>Yarg\u0131tay nerede S$ 3 milyon m\u00fclk\u00fc de\u011ferini a\u015fan uygulamalarla ilgilidir.<\/div>\n<p>\n\n<!-- Fast Secure Contact Form plugin 4.0.50 - begin - FastSecureContactForm.com -->\r\n<div style=\"clear:both;\"><\/div>\n<p>Yorum ve sorular\u0131n\u0131z\u0131 bekliyoruz.<\/p>\r\n<div id=\"FSContact1\" style=\"width:99%; max-width:555px;\">\r\n<form action=\"https:\/\/achieversllc.com\/tr\/wp-json\/wp\/v2\/pages\/14#FSContact1\" id=\"fscf_form1\" method=\"post\">\r\n\n<div id=\"fscf_required1\">\n  <span style=\"text-align:left;\">*<\/span> <span style=\"text-align:left;\">zorunlu alan\u0131 g\u00f6sterir<\/span>\n<\/div>\n\n\n<div id=\"fscf_div_clear1_0\" style=\"clear:both;\">\n  <div id=\"fscf_div_field1_0\" style=\"clear:left; float:left; width:99%; max-width:550px; margin-right:10px;\">\r\n    <div style=\"text-align:left; padding-top:5px;\">\n      <label style=\"text-align:left;\" for=\"fscf_name1\">Ad\u0131n\u0131z:<span style=\"text-align:left;\">*<\/span><\/label>\n    <\/div>\r\n    <div style=\"text-align:left;\">\r\n      <input style=\"text-align:left; margin:0; width:99%; max-width:250px;\" type=\"text\" id=\"fscf_name1\" name=\"full_name\" value=\"\"  \/>\r\n    <\/div>\r\n  <\/div>\n<\/div>\n\n<div id=\"fscf_div_clear1_1\" style=\"clear:both;\">\n  <div id=\"fscf_div_field1_1\" style=\"clear:left; float:left; width:99%; max-width:550px; margin-right:10px;\">\n    <div style=\"text-align:left; padding-top:5px;\">\n      <label style=\"text-align:left;\" for=\"fscf_email1\">Eposta:<span style=\"text-align:left;\">*<\/span><\/label>\n    <\/div>\n    <div style=\"text-align:left;\">\n      <input style=\"text-align:left; margin:0; width:99%; max-width:250px;\" type=\"text\" id=\"fscf_email1\" name=\"email\" value=\"\"  \/>\n    <\/div>\n  <\/div>\n<\/div>\n\n<div id=\"fscf_div_clear1_2\" style=\"clear:both;\">\n  <div id=\"fscf_div_field1_2\" style=\"clear:left; float:left; width:99%; max-width:550px; margin-right:10px;\">\n    <div style=\"text-align:left; padding-top:5px;\">\n      <label style=\"text-align:left;\" for=\"fscf_field1_2\">Konu:<\/label>\n    <\/div>\n    <div style=\"text-align:left;\">\n      <input style=\"text-align:left; margin:0; width:99%; max-width:250px;\" type=\"text\" id=\"fscf_field1_2\" name=\"subject\" value=\"\"  \/>\n    <\/div>\n  <\/div>\n<\/div>\n\n<div id=\"fscf_div_clear1_3\" style=\"clear:both;\">\n  <div id=\"fscf_div_field1_3\" style=\"clear:left; float:left; width:99%; max-width:550px; margin-right:10px;\">\n    <div style=\"text-align:left; padding-top:5px;\">\n      <label style=\"text-align:left;\" for=\"fscf_field1_3\">\u0130leti:<\/label>\n    <\/div>\n    <div style=\"text-align:left;\">\n      <textarea style=\"text-align:left; margin:0; width:99%; max-width:250px; height:120px;\" id=\"fscf_field1_3\" name=\"message\" cols=\"30\" rows=\"10\" ><\/textarea>\n    <\/div>\n  <\/div>\n<\/div>\r\n<div style=\"clear:both;\"><\/div>\n\n<div style=\"text-align:left; padding-top:5px;\">\n<\/div>\n<div id=\"fscf_captcha_image_div1\" style=\"width:250px; height:65px; padding-top:2px;\">\n      <img loading=\"lazy\" decoding=\"async\" id=\"fscf_captcha_image1\" style=\"border-style:none; margin:0; padding:0px; padding-right:5px; float:left;\" src=\"https:\/\/achieversllc.com\/wp-content\/plugins\/si-contact-form\/captcha\/securimage_show.php?prefix=R9wzNufTTJtSgvUv\" width=\"175\" height=\"60\" alt=\"CAPTCHA\" title=\"CAPTCHA\" \/>\n      <input id=\"fscf_captcha_prefix1\" type=\"hidden\" name=\"fscf_captcha_prefix1\" value=\"R9wzNufTTJtSgvUv\" \/>\n     <div id=\"fscf_captcha_refresh1\">\n        <a href=\"#\" rel=\"nofollow\" title=\"Refresh\" onclick=\"fscf_captcha_refresh('1','\/wp-content\/plugins\/si-contact-form\/captcha','https:\/\/achieversllc.com\/wp-content\/plugins\/si-contact-form\/captcha\/securimage_show.php?prefix='); return false;\">\n        <img loading=\"lazy\" decoding=\"async\" src=\"https:\/\/achieversllc.com\/wp-content\/plugins\/si-contact-form\/captcha\/images\/refresh.png\" width=\"22\" height=\"20\" alt=\"Refresh\" style=\"border-style:none; margin:0; padding:0px; vertical-align:bottom;\" onclick=\"this.blur();\" \/><\/a>\r\n     <\/div>\r\n<\/div>\r\n\r\n<div id=\"fscf_captcha_field1\" style=\"text-align:left; padding-top:5px;\">\r\n     <label style=\"text-align:left;\" for=\"fscf_captcha_code1\">CAPTCHA (\u015eah\u0131s Denetim Kodu):<span style=\"text-align:left;\">*<\/span><\/label>\r\n<\/div>\r\n<div style=\"text-align:left;\">\n     <input style=\"text-align:left; margin:0; width:50px;\" type=\"text\" value=\"\" autocomplete=\"off\" id=\"fscf_captcha_code1\" name=\"captcha_code\"  \/>\n<\/div>\n\n<div id=\"fscf_submit_div1\" style=\"text-align:left; clear:both; padding-top:15px;\">\r\n\t\t<input type=\"submit\" id=\"fscf_submit1\" style=\"cursor:pointer; margin:0;\" value=\"G\u00f6nder\"  onclick=\"this.disabled=true; this.value='G\u00f6nderiliyor...'; this.form.submit();\" \/> \n<\/div>\n\n<input type=\"hidden\" name=\"fscf_submitted\" value=\"0\" \/>\n<input type=\"hidden\" name=\"fs_postonce_1\" value=\"3454e6205d006d4b46b26f31415a0b1b,1776392640\" \/>\n<input type=\"hidden\" name=\"si_contact_action\" value=\"send\" \/>\n<input type=\"hidden\" name=\"form_id\" value=\"1\" \/>\n<input type=\"hidden\" name=\"mailto_id\" value=\"1\" \/>\n\n<\/form>\n<\/div>\r\n<div style=\"clear:both;\"><\/div>\n\n<!-- Fast Secure Contact Form plugin 4.0.50 - end - FastSecureContactForm.com -->\n<\/p>","protected":false},"excerpt":{"rendered":"<p>Ba\u015fsa\u011fl\u0131\u011f\u0131 senin a\u015fk bir \u00f6l\u00fcm\u00fc \u00fczerine. \u00d6l\u00fcm\u00fc \u00fczerine, merhumun varl\u0131klar\u0131 ile bir vasiyetnamenin Grant kadar ele veremem \/ harfler of y\u00f6netim yap\u0131lm\u0131\u015f bir mahkeme taraf\u0131ndan bir ki\u015fi atanmas\u0131 merhumun m\u00fclkiyeti dikkat \u00e7ekmek i\u00e7in ve o i\u00e7in ba\u015fl\u0131kl\u0131 da\u011f\u0131tmak i\u00e7in. Bu i\u015flem i\u00e7in mahkemeye bir uygulama i\u00e7erir. \u00d6len bir M\u00fcsl\u00fcman ise yararlan\u0131c\u0131lar ascertaining bir \u00f6nceki daha [&hellip;]<\/p>\n","protected":false},"author":2,"featured_media":15,"parent":0,"menu_order":0,"comment_status":"closed","ping_status":"closed","template":"","meta":{"footnotes":""},"class_list":["post-14","page","type-page","status-publish","has-post-thumbnail","czr-hentry"],"yoast_head":"<!-- This site is optimized with the Yoast SEO plugin v21.1 - https:\/\/yoast.com\/wordpress\/plugins\/seo\/ -->\n<title>Vasiyetnamenin Onaylanmas\u0131 Arazilerin Y\u00f6netimi -<\/title>\n<meta name=\"robots\" content=\"index, follow, max-snippet:-1, max-image-preview:large, max-video-preview:-1\" \/>\n<link rel=\"canonical\" href=\"https:\/\/achieversllc.com\/probate-and-administration-of-estates\/\" \/>\n<meta property=\"og:locale\" content=\"tr_TR\" \/>\n<meta property=\"og:type\" content=\"article\" \/>\n<meta property=\"og:title\" content=\"Vasiyetnamenin Onaylanmas\u0131 Arazilerin Y\u00f6netimi -\" \/>\n<meta property=\"og:description\" content=\"Ba\u015fsa\u011fl\u0131\u011f\u0131 senin a\u015fk bir \u00f6l\u00fcm\u00fc \u00fczerine. \u00d6l\u00fcm\u00fc \u00fczerine, merhumun varl\u0131klar\u0131 ile bir vasiyetnamenin Grant kadar ele veremem \/ harfler of y\u00f6netim yap\u0131lm\u0131\u015f bir mahkeme taraf\u0131ndan bir ki\u015fi atanmas\u0131 merhumun m\u00fclkiyeti dikkat \u00e7ekmek i\u00e7in ve o i\u00e7in ba\u015fl\u0131kl\u0131 da\u011f\u0131tmak i\u00e7in. Bu i\u015flem i\u00e7in mahkemeye bir uygulama i\u00e7erir. \u00d6len bir M\u00fcsl\u00fcman ise yararlan\u0131c\u0131lar ascertaining bir \u00f6nceki daha [&hellip;]\" \/>\n<meta property=\"og:url\" content=\"https:\/\/achieversllc.com\/probate-and-administration-of-estates\/\" \/>\n<meta property=\"article:modified_time\" content=\"2015-10-02T05:23:51+00:00\" \/>\n<meta property=\"og:image\" content=\"https:\/\/achieversllc.com\/wp-content\/uploads\/2015\/07\/probate1.jpg\" \/>\n\t<meta property=\"og:image:width\" content=\"800\" \/>\n\t<meta property=\"og:image:height\" content=\"532\" \/>\n\t<meta property=\"og:image:type\" content=\"image\/jpeg\" \/>\n<meta name=\"twitter:card\" content=\"summary_large_image\" \/>\n<meta name=\"twitter:label1\" content=\"Tahmini okuma s\u00fcresi\" \/>\n\t<meta name=\"twitter:data1\" content=\"1 dakika\" \/>\n<script type=\"application\/ld+json\" class=\"yoast-schema-graph\">{\"@context\":\"https:\/\/schema.org\",\"@graph\":[{\"@type\":\"WebPage\",\"@id\":\"https:\/\/achieversllc.com\/probate-and-administration-of-estates\/\",\"url\":\"https:\/\/achieversllc.com\/probate-and-administration-of-estates\/\",\"name\":\"Vasiyetnamenin Onaylanmas\u0131 Arazilerin Y\u00f6netimi -\",\"isPartOf\":{\"@id\":\"https:\/\/achieversllc.com\/#website\"},\"datePublished\":\"2015-07-07T01:42:05+00:00\",\"dateModified\":\"2015-10-02T05:23:51+00:00\",\"breadcrumb\":{\"@id\":\"https:\/\/achieversllc.com\/probate-and-administration-of-estates\/#breadcrumb\"},\"inLanguage\":\"tr\",\"potentialAction\":[{\"@type\":\"ReadAction\",\"target\":[\"https:\/\/achieversllc.com\/probate-and-administration-of-estates\/\"]}]},{\"@type\":\"BreadcrumbList\",\"@id\":\"https:\/\/achieversllc.com\/probate-and-administration-of-estates\/#breadcrumb\",\"itemListElement\":[{\"@type\":\"ListItem\",\"position\":1,\"name\":\"Home\",\"item\":\"https:\/\/achieversllc.com\/\"},{\"@type\":\"ListItem\",\"position\":2,\"name\":\"Probate and Administration of Estates\"}]},{\"@type\":\"WebSite\",\"@id\":\"https:\/\/achieversllc.com\/#website\",\"url\":\"https:\/\/achieversllc.com\/\",\"name\":\"\",\"description\":\" \",\"publisher\":{\"@id\":\"https:\/\/achieversllc.com\/#organization\"},\"potentialAction\":[{\"@type\":\"SearchAction\",\"target\":{\"@type\":\"EntryPoint\",\"urlTemplate\":\"https:\/\/achieversllc.com\/?s={search_term_string}\"},\"query-input\":\"required name=search_term_string\"}],\"inLanguage\":\"tr\"},{\"@type\":\"Organization\",\"@id\":\"https:\/\/achieversllc.com\/#organization\",\"name\":\"Achievers LLC\",\"url\":\"https:\/\/achieversllc.com\/\",\"logo\":{\"@type\":\"ImageObject\",\"inLanguage\":\"tr\",\"@id\":\"https:\/\/achieversllc.com\/#\/schema\/logo\/image\/\",\"url\":\"https:\/\/achieversllc.com\/wp-content\/uploads\/2015\/09\/cropped-NewLLCLogofw.png\",\"contentUrl\":\"https:\/\/achieversllc.com\/wp-content\/uploads\/2015\/09\/cropped-NewLLCLogofw.png\",\"width\":656,\"height\":250,\"caption\":\"Achievers LLC\"},\"image\":{\"@id\":\"https:\/\/achieversllc.com\/#\/schema\/logo\/image\/\"}}]}<\/script>\n<!-- \/ Yoast SEO plugin. -->","yoast_head_json":{"title":"Vasiyetnamenin Onaylanmas\u0131 Arazilerin Y\u00f6netimi -","robots":{"index":"index","follow":"follow","max-snippet":"max-snippet:-1","max-image-preview":"max-image-preview:large","max-video-preview":"max-video-preview:-1"},"canonical":"https:\/\/achieversllc.com\/probate-and-administration-of-estates\/","og_locale":"tr_TR","og_type":"article","og_title":"Vasiyetnamenin Onaylanmas\u0131 Arazilerin Y\u00f6netimi -","og_description":"Ba\u015fsa\u011fl\u0131\u011f\u0131 senin a\u015fk bir \u00f6l\u00fcm\u00fc \u00fczerine. \u00d6l\u00fcm\u00fc \u00fczerine, merhumun varl\u0131klar\u0131 ile bir vasiyetnamenin Grant kadar ele veremem \/ harfler of y\u00f6netim yap\u0131lm\u0131\u015f bir mahkeme taraf\u0131ndan bir ki\u015fi atanmas\u0131 merhumun m\u00fclkiyeti dikkat \u00e7ekmek i\u00e7in ve o i\u00e7in ba\u015fl\u0131kl\u0131 da\u011f\u0131tmak i\u00e7in. Bu i\u015flem i\u00e7in mahkemeye bir uygulama i\u00e7erir. \u00d6len bir M\u00fcsl\u00fcman ise yararlan\u0131c\u0131lar ascertaining bir \u00f6nceki daha [&hellip;]","og_url":"https:\/\/achieversllc.com\/probate-and-administration-of-estates\/","article_modified_time":"2015-10-02T05:23:51+00:00","og_image":[{"width":800,"height":532,"url":"https:\/\/achieversllc.com\/wp-content\/uploads\/2015\/07\/probate1.jpg","type":"image\/jpeg"}],"twitter_card":"summary_large_image","twitter_misc":{"Tahmini okuma s\u00fcresi":"1 dakika"},"schema":{"@context":"https:\/\/schema.org","@graph":[{"@type":"WebPage","@id":"https:\/\/achieversllc.com\/probate-and-administration-of-estates\/","url":"https:\/\/achieversllc.com\/probate-and-administration-of-estates\/","name":"Vasiyetnamenin Onaylanmas\u0131 Arazilerin Y\u00f6netimi -","isPartOf":{"@id":"https:\/\/achieversllc.com\/#website"},"datePublished":"2015-07-07T01:42:05+00:00","dateModified":"2015-10-02T05:23:51+00:00","breadcrumb":{"@id":"https:\/\/achieversllc.com\/probate-and-administration-of-estates\/#breadcrumb"},"inLanguage":"tr","potentialAction":[{"@type":"ReadAction","target":["https:\/\/achieversllc.com\/probate-and-administration-of-estates\/"]}]},{"@type":"BreadcrumbList","@id":"https:\/\/achieversllc.com\/probate-and-administration-of-estates\/#breadcrumb","itemListElement":[{"@type":"ListItem","position":1,"name":"Home","item":"https:\/\/achieversllc.com\/"},{"@type":"ListItem","position":2,"name":"Probate and Administration of Estates"}]},{"@type":"WebSite","@id":"https:\/\/achieversllc.com\/#website","url":"https:\/\/achieversllc.com\/","name":"","description":" ","publisher":{"@id":"https:\/\/achieversllc.com\/#organization"},"potentialAction":[{"@type":"SearchAction","target":{"@type":"EntryPoint","urlTemplate":"https:\/\/achieversllc.com\/?s={search_term_string}"},"query-input":"required name=search_term_string"}],"inLanguage":"tr"},{"@type":"Organization","@id":"https:\/\/achieversllc.com\/#organization","name":"Achievers LLC","url":"https:\/\/achieversllc.com\/","logo":{"@type":"ImageObject","inLanguage":"tr","@id":"https:\/\/achieversllc.com\/#\/schema\/logo\/image\/","url":"https:\/\/achieversllc.com\/wp-content\/uploads\/2015\/09\/cropped-NewLLCLogofw.png","contentUrl":"https:\/\/achieversllc.com\/wp-content\/uploads\/2015\/09\/cropped-NewLLCLogofw.png","width":656,"height":250,"caption":"Achievers LLC"},"image":{"@id":"https:\/\/achieversllc.com\/#\/schema\/logo\/image\/"}}]}},"jetpack_sharing_enabled":true,"_links":{"self":[{"href":"https:\/\/achieversllc.com\/tr\/wp-json\/wp\/v2\/pages\/14","targetHints":{"allow":["GET"]}}],"collection":[{"href":"https:\/\/achieversllc.com\/tr\/wp-json\/wp\/v2\/pages"}],"about":[{"href":"https:\/\/achieversllc.com\/tr\/wp-json\/wp\/v2\/types\/page"}],"author":[{"embeddable":true,"href":"https:\/\/achieversllc.com\/tr\/wp-json\/wp\/v2\/users\/2"}],"replies":[{"embeddable":true,"href":"https:\/\/achieversllc.com\/tr\/wp-json\/wp\/v2\/comments?post=14"}],"version-history":[{"count":1,"href":"https:\/\/achieversllc.com\/tr\/wp-json\/wp\/v2\/pages\/14\/revisions"}],"predecessor-version":[{"id":306,"href":"https:\/\/achieversllc.com\/tr\/wp-json\/wp\/v2\/pages\/14\/revisions\/306"}],"wp:featuredmedia":[{"embeddable":true,"href":"https:\/\/achieversllc.com\/tr\/wp-json\/wp\/v2\/media\/15"}],"wp:attachment":[{"href":"https:\/\/achieversllc.com\/tr\/wp-json\/wp\/v2\/media?parent=14"}],"curies":[{"name":"wp","href":"https:\/\/api.w.org\/{rel}","templated":true}]}}