{"id":167,"date":"2015-10-07T11:36:11","date_gmt":"2015-10-07T03:36:11","guid":{"rendered":"http:\/\/achieversllc.com\/?page_id=167"},"modified":"2024-09-13T11:02:08","modified_gmt":"2024-09-13T03:02:08","slug":"fees","status":"publish","type":"page","link":"https:\/\/achieversllc.com\/tr\/fees\/","title":{"rendered":"\u00dccretleri"},"content":{"rendered":"<p><\/p>\n<h3><span style=\"text-decoration: underline;\"><strong>servis \u00dccretleri<\/strong><\/span><\/h3>\n<h3><span style=\"text-decoration: underline;\"><strong>M\u00fclkiyet i\u00e7in kabul edilebilir \u00fccretleri<\/strong><\/span><\/h3>\n<div>Al\u0131\u015f M\u00fclkiyet &#8211; sat\u0131n alma fiyat\u0131n\u0131n Al\u0131c\u0131% 0.3 Oyunculuk<\/div>\n<div>\u00a0 \u00a0 \u00a0 \u00a0 \u00a0 \u00a0 \u00a0 \u00a0 \u00a0 \u00a0 \u00a0 \u00a0 \u00a0 Kredi miktar\u0131 Bankas\u0131% 0.3 i\u00e7in Vekili<\/div>\n<div>\u00a0 \u00a0 \u00a0 \u00a0 \u00a0 \u00a0 \u00a0 \u00a0 \u00a0 \u00a0 \u00a0 \u00a0 \u00a0 Kredi miktar\u0131 Bor\u00e7lu 0.15% Oyunculuk<\/div>\n<div>\u00a0 \u00a0 \u00a0 \u00a0 \u00a0 \u00a0 \u00a0 \u00a0 \u00a0 \u00a0 \u00a0 \u00a0 \u00a0 Al\u0131c\u0131 ve Banka i\u00e7in sat\u0131n alma fiyat\u0131% 0.4 Oyunculuk<\/div>\n<div><\/div>\n<div>Sat\u0131\u015f M\u00fclk &#8211; Sat\u0131c\u0131lar i\u00e7in sat\u0131\u015f fiyat\u0131n\u0131n% 0.15 oran\u0131nda Oyunculuk<\/div>\n<div><\/div>\n<div>\u00a0Law Society 2003 \u00f6neri &#8211;\u00a0<a href=\"http:\/\/www.lawgazette.com.sg\/2003-3\/Mac03-feature2.htm\" target=\"_blank\" rel=\"noopener noreferrer\">Daha fazla oku<\/a><\/div>\n<div><\/div>\n<h3><span style=\"text-decoration: underline;\"><strong>Kabul edilebilir Fatura Oranlar\u0131<\/strong><\/span><\/h3>\n<p>(2013)<\/p>\n<p>Kurumsal Eme\u011fi Avukatlar onlar gibi \u00e7ok 500.000 $ getirebilir 500 $ ve saat ve b\u00fcy\u00fck bir vaka ba\u015f\u0131na 1500 $ aras\u0131nda \u00fccret s\u00f6yl\u00fcyorlar.\u00a0<a href=\"http:\/\/achieversllc.com\/bias-against-criminal-and-family-law\/\" target=\"_blank\" rel=\"noopener noreferrer\">Daha fazla oku<\/a><\/p>\n<p>(2011)<\/p>\n<p>Haz\u0131rl\u0131k \u00e7al\u0131\u015fmalar\u0131n\u0131n 13 ay boyunca, fatura oran\u0131n\u0131n yakla\u015f\u0131k 75.000 $ olmal\u0131d\u0131r. <a href=\"http:\/\/achieversllc.com\/disciplinary-proceedings\/\" target=\"_blank\" rel=\"noopener noreferrer\">Daha fazla oku<\/a><\/p>\n<p>(2001)<\/p>\n<p>Tecr\u00fcbe az 3 y\u0131l Avukatlar aras\u0131nda 200 $ ve 299 $ \u015farj edebilirsiniz.<\/p>\n<p>Tecr\u00fcbe az 12 y\u0131l 3 ile Avukatlar aras\u0131nda 300 $ ve 399 $ \u015farj edebilirsiniz.<\/p>\n<p>Deneyimi 12 y\u0131l veya daha fazla olan Avukatlar aras\u0131nda 400 $ ve 499 $ \u015farj edebilirsiniz.\u00a0<a href=\"http:\/\/achieversllc.com\/wp-content\/uploads\/2015\/09\/Billing-rate.pdf\">Daha fazla oku<\/a><\/p>","protected":false},"excerpt":{"rendered":"<p>servis \u00dccretleri M\u00fclkiyet i\u00e7in kabul edilebilir \u00fccretleri Al\u0131\u015f M\u00fclkiyet &#8211; sat\u0131n alma fiyat\u0131n\u0131n Al\u0131c\u0131% 0.3 Oyunculuk \u00a0 \u00a0 \u00a0 \u00a0 \u00a0 \u00a0 \u00a0 \u00a0 \u00a0 \u00a0 \u00a0 \u00a0 \u00a0 Kredi miktar\u0131 Bankas\u0131% 0.3 i\u00e7in Vekili \u00a0 \u00a0 \u00a0 \u00a0 \u00a0 \u00a0 \u00a0 \u00a0 \u00a0 \u00a0 \u00a0 \u00a0 \u00a0 Kredi miktar\u0131 Bor\u00e7lu 0.15% Oyunculuk \u00a0 \u00a0 [&hellip;]<\/p>\n","protected":false},"author":2,"featured_media":0,"parent":0,"menu_order":0,"comment_status":"closed","ping_status":"closed","template":"","meta":{"footnotes":""},"class_list":["post-167","page","type-page","status-publish","czr-hentry"],"yoast_head":"<!-- This site is optimized with the Yoast SEO plugin v21.1 - https:\/\/yoast.com\/wordpress\/plugins\/seo\/ -->\n<title>(English) Fees- Achievers LLC<\/title>\n<meta name=\"description\" content=\"(English) Professional Fees and cost for services provided and the acceptable fees for corporate, property and others that was determined by the court.\" \/>\n<meta name=\"robots\" content=\"index, follow, max-snippet:-1, max-image-preview:large, max-video-preview:-1\" \/>\n<link rel=\"canonical\" href=\"https:\/\/achieversllc.com\/fees\/\" \/>\n<meta property=\"og:locale\" content=\"tr_TR\" \/>\n<meta property=\"og:type\" content=\"article\" \/>\n<meta property=\"og:title\" content=\"[:en]Fees- Achievers LLC[:]\" \/>\n<meta property=\"og:description\" content=\"{:en}Professional Fees and cost for services provided and the acceptable fees for corporate, property and others that was determined by the court.{:}\" \/>\n<meta property=\"og:url\" content=\"https:\/\/achieversllc.com\/fees\/\" \/>\n<meta property=\"article:modified_time\" content=\"2024-09-13T03:02:08+00:00\" \/>\n<meta property=\"og:image\" content=\"https:\/\/achieversllc.com\/wp-content\/uploads\/2023\/05\/Graphs.jpg\" \/>\n<meta name=\"twitter:card\" content=\"summary_large_image\" \/>\n<meta name=\"twitter:label1\" content=\"Tahmini okuma s\u00fcresi\" \/>\n\t<meta name=\"twitter:data1\" content=\"5 dakika\" \/>\n<script type=\"application\/ld+json\" class=\"yoast-schema-graph\">{\"@context\":\"https:\/\/schema.org\",\"@graph\":[{\"@type\":\"WebPage\",\"@id\":\"https:\/\/achieversllc.com\/fees\/\",\"url\":\"https:\/\/achieversllc.com\/fees\/\",\"name\":\"[:en]Fees- Achievers LLC[:]\",\"isPartOf\":{\"@id\":\"https:\/\/achieversllc.com\/#website\"},\"datePublished\":\"2015-10-07T03:36:11+00:00\",\"dateModified\":\"2024-09-13T03:02:08+00:00\",\"description\":\"{:en}Professional Fees and cost for services provided and the acceptable fees for corporate, property and others that was determined by the court.{:}\",\"breadcrumb\":{\"@id\":\"https:\/\/achieversllc.com\/fees\/#breadcrumb\"},\"inLanguage\":\"tr\",\"potentialAction\":[{\"@type\":\"ReadAction\",\"target\":[\"https:\/\/achieversllc.com\/fees\/\"]}]},{\"@type\":\"BreadcrumbList\",\"@id\":\"https:\/\/achieversllc.com\/fees\/#breadcrumb\",\"itemListElement\":[{\"@type\":\"ListItem\",\"position\":1,\"name\":\"Home\",\"item\":\"https:\/\/achieversllc.com\/\"},{\"@type\":\"ListItem\",\"position\":2,\"name\":\"Fees\"}]},{\"@type\":\"WebSite\",\"@id\":\"https:\/\/achieversllc.com\/#website\",\"url\":\"https:\/\/achieversllc.com\/\",\"name\":\"\",\"description\":\" \",\"publisher\":{\"@id\":\"https:\/\/achieversllc.com\/#organization\"},\"potentialAction\":[{\"@type\":\"SearchAction\",\"target\":{\"@type\":\"EntryPoint\",\"urlTemplate\":\"https:\/\/achieversllc.com\/?s={search_term_string}\"},\"query-input\":\"required name=search_term_string\"}],\"inLanguage\":\"tr\"},{\"@type\":\"Organization\",\"@id\":\"https:\/\/achieversllc.com\/#organization\",\"name\":\"Achievers LLC\",\"url\":\"https:\/\/achieversllc.com\/\",\"logo\":{\"@type\":\"ImageObject\",\"inLanguage\":\"tr\",\"@id\":\"https:\/\/achieversllc.com\/#\/schema\/logo\/image\/\",\"url\":\"https:\/\/achieversllc.com\/wp-content\/uploads\/2015\/09\/cropped-NewLLCLogofw.png\",\"contentUrl\":\"https:\/\/achieversllc.com\/wp-content\/uploads\/2015\/09\/cropped-NewLLCLogofw.png\",\"width\":656,\"height\":250,\"caption\":\"Achievers LLC\"},\"image\":{\"@id\":\"https:\/\/achieversllc.com\/#\/schema\/logo\/image\/\"}}]}<\/script>\n<!-- \/ Yoast SEO plugin. -->","yoast_head_json":{"title":"(English) Fees- Achievers LLC","description":"(English) Professional Fees and cost for services provided and the acceptable fees for corporate, property and others that was determined by the court.","robots":{"index":"index","follow":"follow","max-snippet":"max-snippet:-1","max-image-preview":"max-image-preview:large","max-video-preview":"max-video-preview:-1"},"canonical":"https:\/\/achieversllc.com\/fees\/","og_locale":"tr_TR","og_type":"article","og_title":"[:en]Fees- Achievers LLC[:]","og_description":"{:en}Professional Fees and cost for services provided and the acceptable fees for corporate, property and others that was determined by the court.{:}","og_url":"https:\/\/achieversllc.com\/fees\/","article_modified_time":"2024-09-13T03:02:08+00:00","og_image":[{"url":"https:\/\/achieversllc.com\/wp-content\/uploads\/2023\/05\/Graphs.jpg"}],"twitter_card":"summary_large_image","twitter_misc":{"Tahmini okuma s\u00fcresi":"5 dakika"},"schema":{"@context":"https:\/\/schema.org","@graph":[{"@type":"WebPage","@id":"https:\/\/achieversllc.com\/fees\/","url":"https:\/\/achieversllc.com\/fees\/","name":"[:en]Fees- Achievers LLC[:]","isPartOf":{"@id":"https:\/\/achieversllc.com\/#website"},"datePublished":"2015-10-07T03:36:11+00:00","dateModified":"2024-09-13T03:02:08+00:00","description":"{:en}Professional Fees and cost for services provided and the acceptable fees for corporate, property and others that was determined by the court.{:}","breadcrumb":{"@id":"https:\/\/achieversllc.com\/fees\/#breadcrumb"},"inLanguage":"tr","potentialAction":[{"@type":"ReadAction","target":["https:\/\/achieversllc.com\/fees\/"]}]},{"@type":"BreadcrumbList","@id":"https:\/\/achieversllc.com\/fees\/#breadcrumb","itemListElement":[{"@type":"ListItem","position":1,"name":"Home","item":"https:\/\/achieversllc.com\/"},{"@type":"ListItem","position":2,"name":"Fees"}]},{"@type":"WebSite","@id":"https:\/\/achieversllc.com\/#website","url":"https:\/\/achieversllc.com\/","name":"","description":" ","publisher":{"@id":"https:\/\/achieversllc.com\/#organization"},"potentialAction":[{"@type":"SearchAction","target":{"@type":"EntryPoint","urlTemplate":"https:\/\/achieversllc.com\/?s={search_term_string}"},"query-input":"required name=search_term_string"}],"inLanguage":"tr"},{"@type":"Organization","@id":"https:\/\/achieversllc.com\/#organization","name":"Achievers LLC","url":"https:\/\/achieversllc.com\/","logo":{"@type":"ImageObject","inLanguage":"tr","@id":"https:\/\/achieversllc.com\/#\/schema\/logo\/image\/","url":"https:\/\/achieversllc.com\/wp-content\/uploads\/2015\/09\/cropped-NewLLCLogofw.png","contentUrl":"https:\/\/achieversllc.com\/wp-content\/uploads\/2015\/09\/cropped-NewLLCLogofw.png","width":656,"height":250,"caption":"Achievers LLC"},"image":{"@id":"https:\/\/achieversllc.com\/#\/schema\/logo\/image\/"}}]}},"jetpack_sharing_enabled":true,"_links":{"self":[{"href":"https:\/\/achieversllc.com\/tr\/wp-json\/wp\/v2\/pages\/167","targetHints":{"allow":["GET"]}}],"collection":[{"href":"https:\/\/achieversllc.com\/tr\/wp-json\/wp\/v2\/pages"}],"about":[{"href":"https:\/\/achieversllc.com\/tr\/wp-json\/wp\/v2\/types\/page"}],"author":[{"embeddable":true,"href":"https:\/\/achieversllc.com\/tr\/wp-json\/wp\/v2\/users\/2"}],"replies":[{"embeddable":true,"href":"https:\/\/achieversllc.com\/tr\/wp-json\/wp\/v2\/comments?post=167"}],"version-history":[{"count":33,"href":"https:\/\/achieversllc.com\/tr\/wp-json\/wp\/v2\/pages\/167\/revisions"}],"predecessor-version":[{"id":2237,"href":"https:\/\/achieversllc.com\/tr\/wp-json\/wp\/v2\/pages\/167\/revisions\/2237"}],"wp:attachment":[{"href":"https:\/\/achieversllc.com\/tr\/wp-json\/wp\/v2\/media?parent=167"}],"curies":[{"name":"wp","href":"https:\/\/api.w.org\/{rel}","templated":true}]}}