{"id":22,"date":"2015-07-07T10:13:04","date_gmt":"2015-07-07T02:13:04","guid":{"rendered":"http:\/\/achieversllc.com\/?page_id=22"},"modified":"2015-09-09T09:38:57","modified_gmt":"2015-09-09T01:38:57","slug":"probate-thank-you","status":"publish","type":"page","link":"https:\/\/achieversllc.com\/tr\/probate-thank-you\/","title":{"rendered":"Te\u015fekk\u00fcr ederim!"},"content":{"rendered":"<p><strong>Formunuzu Veraset ve Estates y\u00f6netim ile ilgili ba\u015far\u0131yla g\u00f6nderildi! <\/strong><\/p>\n<p>\u0130ste\u011finizi g\u00f6zden ge\u00e7irdikten sonra biz d\u00f6nmek. L\u00fctfen al\u0131nan t\u00fcm bilgiler gizli kal\u0131r emin. Te\u015fekk\u00fcr ederiz.<\/p>\n<p>Daha fazla sorular\u0131n\u0131z i\u00e7in l\u00fctfen bize<\/p>","protected":false},"excerpt":{"rendered":"<p>Formunuzu Veraset ve Estates y\u00f6netim ile ilgili ba\u015far\u0131yla g\u00f6nderildi! \u0130ste\u011finizi g\u00f6zden ge\u00e7irdikten sonra biz d\u00f6nmek. L\u00fctfen al\u0131nan t\u00fcm bilgiler gizli kal\u0131r emin. Te\u015fekk\u00fcr ederiz. Daha fazla sorular\u0131n\u0131z i\u00e7in l\u00fctfen bize<\/p>\n","protected":false},"author":2,"featured_media":0,"parent":0,"menu_order":0,"comment_status":"closed","ping_status":"closed","template":"","meta":{"footnotes":""},"class_list":["post-22","page","type-page","status-publish","czr-hentry"],"yoast_head":"<!-- This site is optimized with the Yoast SEO plugin v21.1 - https:\/\/yoast.com\/wordpress\/plugins\/seo\/ -->\n<title>Te\u015fekk\u00fcr ederim! -<\/title>\n<meta name=\"robots\" content=\"index, follow, max-snippet:-1, max-image-preview:large, max-video-preview:-1\" \/>\n<link rel=\"canonical\" href=\"https:\/\/achieversllc.com\/probate-thank-you\/\" \/>\n<meta property=\"og:locale\" content=\"tr_TR\" \/>\n<meta property=\"og:type\" content=\"article\" \/>\n<meta property=\"og:title\" content=\"Te\u015fekk\u00fcr ederim! -\" \/>\n<meta property=\"og:description\" content=\"Formunuzu Veraset ve Estates y\u00f6netim ile ilgili ba\u015far\u0131yla g\u00f6nderildi! \u0130ste\u011finizi g\u00f6zden ge\u00e7irdikten sonra biz d\u00f6nmek. L\u00fctfen al\u0131nan t\u00fcm bilgiler gizli kal\u0131r emin. Te\u015fekk\u00fcr ederiz. Daha fazla sorular\u0131n\u0131z i\u00e7in l\u00fctfen bize\" \/>\n<meta property=\"og:url\" content=\"https:\/\/achieversllc.com\/probate-thank-you\/\" \/>\n<meta property=\"article:modified_time\" content=\"2015-09-09T01:38:57+00:00\" \/>\n<meta name=\"twitter:card\" content=\"summary_large_image\" \/>\n<script type=\"application\/ld+json\" class=\"yoast-schema-graph\">{\"@context\":\"https:\/\/schema.org\",\"@graph\":[{\"@type\":\"WebPage\",\"@id\":\"https:\/\/achieversllc.com\/probate-thank-you\/\",\"url\":\"https:\/\/achieversllc.com\/probate-thank-you\/\",\"name\":\"Te\u015fekk\u00fcr ederim! -\",\"isPartOf\":{\"@id\":\"https:\/\/achieversllc.com\/#website\"},\"datePublished\":\"2015-07-07T02:13:04+00:00\",\"dateModified\":\"2015-09-09T01:38:57+00:00\",\"breadcrumb\":{\"@id\":\"https:\/\/achieversllc.com\/probate-thank-you\/#breadcrumb\"},\"inLanguage\":\"tr\",\"potentialAction\":[{\"@type\":\"ReadAction\",\"target\":[\"https:\/\/achieversllc.com\/probate-thank-you\/\"]}]},{\"@type\":\"BreadcrumbList\",\"@id\":\"https:\/\/achieversllc.com\/probate-thank-you\/#breadcrumb\",\"itemListElement\":[{\"@type\":\"ListItem\",\"position\":1,\"name\":\"Home\",\"item\":\"https:\/\/achieversllc.com\/\"},{\"@type\":\"ListItem\",\"position\":2,\"name\":\"Thank You\"}]},{\"@type\":\"WebSite\",\"@id\":\"https:\/\/achieversllc.com\/#website\",\"url\":\"https:\/\/achieversllc.com\/\",\"name\":\"\",\"description\":\" \",\"publisher\":{\"@id\":\"https:\/\/achieversllc.com\/#organization\"},\"potentialAction\":[{\"@type\":\"SearchAction\",\"target\":{\"@type\":\"EntryPoint\",\"urlTemplate\":\"https:\/\/achieversllc.com\/?s={search_term_string}\"},\"query-input\":\"required name=search_term_string\"}],\"inLanguage\":\"tr\"},{\"@type\":\"Organization\",\"@id\":\"https:\/\/achieversllc.com\/#organization\",\"name\":\"Achievers LLC\",\"url\":\"https:\/\/achieversllc.com\/\",\"logo\":{\"@type\":\"ImageObject\",\"inLanguage\":\"tr\",\"@id\":\"https:\/\/achieversllc.com\/#\/schema\/logo\/image\/\",\"url\":\"https:\/\/achieversllc.com\/wp-content\/uploads\/2015\/09\/cropped-NewLLCLogofw.png\",\"contentUrl\":\"https:\/\/achieversllc.com\/wp-content\/uploads\/2015\/09\/cropped-NewLLCLogofw.png\",\"width\":656,\"height\":250,\"caption\":\"Achievers LLC\"},\"image\":{\"@id\":\"https:\/\/achieversllc.com\/#\/schema\/logo\/image\/\"}}]}<\/script>\n<!-- \/ Yoast SEO plugin. -->","yoast_head_json":{"title":"Te\u015fekk\u00fcr ederim! -","robots":{"index":"index","follow":"follow","max-snippet":"max-snippet:-1","max-image-preview":"max-image-preview:large","max-video-preview":"max-video-preview:-1"},"canonical":"https:\/\/achieversllc.com\/probate-thank-you\/","og_locale":"tr_TR","og_type":"article","og_title":"Te\u015fekk\u00fcr ederim! -","og_description":"Formunuzu Veraset ve Estates y\u00f6netim ile ilgili ba\u015far\u0131yla g\u00f6nderildi! \u0130ste\u011finizi g\u00f6zden ge\u00e7irdikten sonra biz d\u00f6nmek. L\u00fctfen al\u0131nan t\u00fcm bilgiler gizli kal\u0131r emin. Te\u015fekk\u00fcr ederiz. Daha fazla sorular\u0131n\u0131z i\u00e7in l\u00fctfen bize","og_url":"https:\/\/achieversllc.com\/probate-thank-you\/","article_modified_time":"2015-09-09T01:38:57+00:00","twitter_card":"summary_large_image","schema":{"@context":"https:\/\/schema.org","@graph":[{"@type":"WebPage","@id":"https:\/\/achieversllc.com\/probate-thank-you\/","url":"https:\/\/achieversllc.com\/probate-thank-you\/","name":"Te\u015fekk\u00fcr ederim! -","isPartOf":{"@id":"https:\/\/achieversllc.com\/#website"},"datePublished":"2015-07-07T02:13:04+00:00","dateModified":"2015-09-09T01:38:57+00:00","breadcrumb":{"@id":"https:\/\/achieversllc.com\/probate-thank-you\/#breadcrumb"},"inLanguage":"tr","potentialAction":[{"@type":"ReadAction","target":["https:\/\/achieversllc.com\/probate-thank-you\/"]}]},{"@type":"BreadcrumbList","@id":"https:\/\/achieversllc.com\/probate-thank-you\/#breadcrumb","itemListElement":[{"@type":"ListItem","position":1,"name":"Home","item":"https:\/\/achieversllc.com\/"},{"@type":"ListItem","position":2,"name":"Thank You"}]},{"@type":"WebSite","@id":"https:\/\/achieversllc.com\/#website","url":"https:\/\/achieversllc.com\/","name":"","description":" ","publisher":{"@id":"https:\/\/achieversllc.com\/#organization"},"potentialAction":[{"@type":"SearchAction","target":{"@type":"EntryPoint","urlTemplate":"https:\/\/achieversllc.com\/?s={search_term_string}"},"query-input":"required name=search_term_string"}],"inLanguage":"tr"},{"@type":"Organization","@id":"https:\/\/achieversllc.com\/#organization","name":"Achievers LLC","url":"https:\/\/achieversllc.com\/","logo":{"@type":"ImageObject","inLanguage":"tr","@id":"https:\/\/achieversllc.com\/#\/schema\/logo\/image\/","url":"https:\/\/achieversllc.com\/wp-content\/uploads\/2015\/09\/cropped-NewLLCLogofw.png","contentUrl":"https:\/\/achieversllc.com\/wp-content\/uploads\/2015\/09\/cropped-NewLLCLogofw.png","width":656,"height":250,"caption":"Achievers LLC"},"image":{"@id":"https:\/\/achieversllc.com\/#\/schema\/logo\/image\/"}}]}},"jetpack_sharing_enabled":true,"_links":{"self":[{"href":"https:\/\/achieversllc.com\/tr\/wp-json\/wp\/v2\/pages\/22","targetHints":{"allow":["GET"]}}],"collection":[{"href":"https:\/\/achieversllc.com\/tr\/wp-json\/wp\/v2\/pages"}],"about":[{"href":"https:\/\/achieversllc.com\/tr\/wp-json\/wp\/v2\/types\/page"}],"author":[{"embeddable":true,"href":"https:\/\/achieversllc.com\/tr\/wp-json\/wp\/v2\/users\/2"}],"replies":[{"embeddable":true,"href":"https:\/\/achieversllc.com\/tr\/wp-json\/wp\/v2\/comments?post=22"}],"version-history":[{"count":1,"href":"https:\/\/achieversllc.com\/tr\/wp-json\/wp\/v2\/pages\/22\/revisions"}],"predecessor-version":[{"id":160,"href":"https:\/\/achieversllc.com\/tr\/wp-json\/wp\/v2\/pages\/22\/revisions\/160"}],"wp:attachment":[{"href":"https:\/\/achieversllc.com\/tr\/wp-json\/wp\/v2\/media?parent=22"}],"curies":[{"name":"wp","href":"https:\/\/api.w.org\/{rel}","templated":true}]}}