{"id":235,"date":"2015-09-23T15:41:11","date_gmt":"2015-09-23T07:41:11","guid":{"rendered":"http:\/\/achieversllc.com\/?page_id=235"},"modified":"2023-12-07T16:50:02","modified_gmt":"2023-12-07T08:50:02","slug":"terms-and-conditions","status":"publish","type":"page","link":"https:\/\/achieversllc.com\/tr\/terms-and-conditions\/","title":{"rendered":"\u015eartlar ve ko\u015fullar"},"content":{"rendered":"<p><\/p>\n<h2><a href=\"http:\/\/achieversllc.com\/wp-content\/uploads\/2015\/09\/term_banner.jpg\"><img loading=\"lazy\" decoding=\"async\" class=\"alignnone size-full wp-image-277\" src=\"http:\/\/achieversllc.com\/wp-content\/uploads\/2015\/09\/term_banner.jpg\" alt=\"term_banner\" width=\"1000\" height=\"300\" srcset=\"https:\/\/achieversllc.com\/wp-content\/uploads\/2015\/09\/term_banner.jpg 1000w, https:\/\/achieversllc.com\/wp-content\/uploads\/2015\/09\/term_banner-300x90.jpg 300w\" sizes=\"auto, (max-width: 1000px) 100vw, 1000px\" \/><\/a><\/h2>\n<h2 id=\"tw-target-text\" class=\"tw-data-text vk_txt tw-ta tw-text-medium\" dir=\"ltr\" data-placeholder=\"Translation\"><span style=\"text-decoration: underline;\"><strong><span lang=\"tr\">\u015eartlar ve hizmet ko\u015fullar\u0131<\/span><\/strong><\/span><\/h2>\n<p id=\"tw-target-text\" class=\"tw-data-text vk_txt tw-ta tw-text-small\" dir=\"ltr\" data-placeholder=\"Translation\"><span lang=\"tr\">Senin maddenin sorumlu avukat\u0131 Say\u0131n \u0130brahim olacak ve di\u011fer avukatlar ve personel bizim takdirine ba\u011fl\u0131 uygun g\u00f6r\u00fclen .<\/span><\/p>\n<p id=\"tw-target-text\" class=\"tw-data-text vk_txt tw-ta tw-text-small\" dir=\"ltr\" data-placeholder=\"Translation\"><span lang=\"tr\">I\u015fin alan\u0131m\u0131z bu sizin ile yaz\u0131l\u0131 olarak kabul edilecektir .\u00a0<\/span><span lang=\"tr\">Bunun \u00f6tesinde t\u00fcm ek \u00e7al\u0131\u015fma yaz\u0131l\u0131 veya yaz\u0131l\u0131 olarak kabul edilecektir d\u0131\u015f\u0131nda herhangi bir ki\u015fi ya da ba\u015fka bir kuruma kabul etti .<\/span><\/p>\n<h3 class=\"tw-data-text vk_txt tw-ta tw-text-medium\" dir=\"ltr\" data-placeholder=\"Translation\">\u00a0<\/h3>\n<h3 id=\"tw-target-text\" class=\"tw-data-text vk_txt tw-ta tw-text-medium\" dir=\"ltr\" data-placeholder=\"Translation\"><strong><span lang=\"tr\">Belgeleri korumak i\u00e7in dikkat edin<\/span><\/strong><\/h3>\n<p id=\"tw-target-text\" class=\"tw-data-text vk_txt tw-ta tw-text-small\" dir=\"ltr\" data-placeholder=\"Translation\"><span lang=\"tr\">Mesele \u00e7\u00f6z\u00fcl\u00fcrse \u00e7\u00f6z\u00fcls\u00fcn kadar senin bulundurma, g\u00f6zalt\u0131nda veya g\u00fc\u00e7 i\u00e7inde bize emanet konuda konulara ili\u015fkin herhangi bir belge yok etmemelidir.\u00a0<\/span><span lang=\"tr\">Belgeler o davan\u0131z\u0131 destekleyecek ya da gizli olmasa bile &#8220;ilgili &#8221; dir .<\/span><\/p>\n<p id=\"tw-target-text\" class=\"tw-data-text vk_txt tw-ta tw-text-small\" dir=\"ltr\" data-placeholder=\"Translation\"><span lang=\"tr\">Ilgili belgelerin kas\u0131tl\u0131 olarak imha sizin iddia veya savunma \u00e7arp\u0131c\u0131 neden olabilir.\u00a0<\/span><span lang=\"tr\">Derhal kurumsal belgeler tutma politikas\u0131n\u0131 ask\u0131ya ediniz.<\/span><\/p>\n<h3 class=\"tw-data-text vk_txt tw-ta tw-text-medium\" dir=\"ltr\" data-placeholder=\"Translation\">\u00a0<\/h3>\n<h3 id=\"tw-target-text\" class=\"tw-data-text vk_txt tw-ta tw-text-medium\" dir=\"ltr\" data-placeholder=\"Translation\"><strong><span lang=\"tr\">\u00c7\u0131kar \u00e7at\u0131\u015fmalar\u0131<\/span><\/strong><\/h3>\n<p id=\"tw-target-text\" class=\"tw-data-text vk_txt tw-ta tw-text-small\" dir=\"ltr\" data-placeholder=\"Translation\"><span lang=\"tr\">Biz \u00e7\u0131karlar\u0131 sizinkine olumsuz oldu\u011funuzu direkt rakipleri ve temsil edebilir .\u00a0<\/span><span lang=\"tr\">Hi\u00e7bir ger\u00e7ek veya ger\u00e7ek \u00e7at\u0131\u015fma var s\u00fcrece biz b\u00f6yle m\u00fc\u015fterileri temsil kabul etmi\u015f olursunuz.<\/span><\/p>\n<h3 class=\"tw-data-text vk_txt tw-ta tw-text-medium\" dir=\"ltr\" data-placeholder=\"Translation\">\u00a0<\/h3>\n<h3 id=\"tw-target-text\" class=\"tw-data-text vk_txt tw-ta tw-text-medium\" dir=\"ltr\" data-placeholder=\"Translation\"><strong><span lang=\"tr\">Senetlerin Vergilendirme<\/span><\/strong><\/h3>\n<p id=\"tw-target-text\" class=\"tw-data-text vk_txt tw-ta tw-text-small\" dir=\"ltr\" data-placeholder=\"Translation\"><span lang=\"tr\">Bizim faturalar\u0131 Mahkeme taraf\u0131ndan inceledik hakk\u0131na sahiptir .\u00a0<\/span><span lang=\"tr\">Bunu bizim faturalar\u0131 vergi isterseniz , derhal bizim bill i\u00e7in vergilendirme i\u00e7in bir sipari\u015f i\u00e7in ba\u015fvuruda gerekir.<\/span><\/p>\n<h3 class=\"tw-data-text vk_txt tw-ta tw-text-medium\" dir=\"ltr\" data-placeholder=\"Translation\">\u00a0<\/h3>\n<h3 id=\"tw-target-text\" class=\"tw-data-text vk_txt tw-ta tw-text-medium\" dir=\"ltr\" data-placeholder=\"Translation\"><strong><span lang=\"tr\">maliyet Sipari\u015fler<\/span><\/strong><\/h3>\n<p id=\"tw-target-text\" class=\"tw-data-text vk_txt tw-ta tw-text-small\" dir=\"ltr\" data-placeholder=\"Translation\"><span lang=\"tr\">E\u011fer ba\u015far\u0131s\u0131z nerede Mahkeme konularda i\u00e7in , di\u011fer taraf\u0131n dava masraflar\u0131n\u0131 \u00f6demeye mahkum edilecektir.\u00a0<\/span><span lang=\"tr\">Kazand\u0131\u011f\u0131n\u0131z bile yaln\u0131zca yasal \u00fccretler k\u0131sm\u0131n\u0131 kurtarmak m\u00fcmk\u00fcn olacak.\u00a0<\/span><span lang=\"tr\">Her durumda , bir avukat ve m\u00fc\u015fteri baz\u0131nda yasal masraflar\u0131 sorumludur.\u00a0<\/span><span lang=\"tr\">Biz tam \u00f6deme al\u0131nana kadar t\u00fcm belgeler \u00fczerinde bir haciz ( velayet ) egzersiz hakk\u0131na sahiptir.<\/span><\/p>\n<h3 id=\"tw-target-text\" class=\"tw-data-text vk_txt tw-ta tw-text-medium\" dir=\"ltr\" data-placeholder=\"Translation\"><strong><span lang=\"tr\">Limited Liability<\/span><\/strong><\/h3>\n<p id=\"tw-target-text\" class=\"tw-data-text vk_txt tw-ta tw-text-small\" dir=\"ltr\" data-placeholder=\"Translation\"><span lang=\"tr\">Sonunda kay\u0131p bizim ihmali veya kas\u0131tl\u0131 k\u00f6t\u00fc davran\u0131\u015f kaynakland\u0131\u011f\u0131 tespit s\u00fcrece size bizim maksimum sorumluluk bize \u00f6denen 2 kez \u00fccretleri ile s\u0131n\u0131rl\u0131 olacakt\u0131r .\u00a0<\/span><span lang=\"tr\">Biz ve bizim \u00e7al\u0131\u015fanlar\u0131m\u0131z onlar\u0131n olas\u0131 varl\u0131\u011f\u0131n\u0131 tavsiye edilmi\u015f olsa dahi , dolayl\u0131 , \u00f6zel , ar\u0131zi veya cezai zarar , hasar r giderleri i\u00e7in sorumlu olmayacakt\u0131r .\u00a0<\/span><span lang=\"tr\">( Uygulanabilir i\u015f i\u00e7in )<\/span><\/p>\n<p id=\"tw-target-text\" class=\"tw-data-text vk_txt tw-ta tw-text-small\" dir=\"ltr\" data-placeholder=\"Translation\"><span lang=\"tr\">Aksi yaz\u0131l\u0131 olarak kararla\u015ft\u0131r\u0131lm\u0131\u015f olmad\u0131k\u00e7a , bizim ni\u015fan Singapur Cumhuriyeti yasalar\u0131na tabi olacakt\u0131r .<\/span><\/p>\n<p id=\"tw-target-text\" class=\"tw-data-text vk_txt tw-ta tw-text-small\" dir=\"ltr\" data-placeholder=\"Translation\"><span lang=\"tr\">Taraflar bizim ni\u015fan varl\u0131\u011f\u0131 , ge\u00e7erlili\u011fi veya sona ermesine ili\u015fkin herhangi bir soru da dahil olmak \u00fczere sa\u011flanan bizim ni\u015fan ya da hizmetlerle ilgili olarak t\u00fcm ihtilaflar , iyi niyetle Singapur Arabuluculuk Merkezi&#8217;nin arac\u0131l\u0131\u011f\u0131 ile kabul edersiniz .\u00a0<\/span><span lang=\"tr\">Taraflar , arabuluculuk sonra anla\u015fmazl\u0131\u011f\u0131n\u0131 i\u00e7in ba\u015far\u0131s\u0131z olursa, anla\u015fmazl\u0131k kurallar\u0131 referans olarak dahil say\u0131l\u0131r y\u00fcr\u00fcrl\u00fckteki \u015fu an i\u00e7in Singapur Uluslararas\u0131 Tahkim Merkezi&#8217;nin tahkim kurallar\u0131na uygun olarak Singapur&#8217;da tahkime taraf\u0131ndan at\u0131fta bulunulan ve nihayet karara Bu h\u00fck\u00fcm .<\/span><\/p>\n<p id=\"tw-target-text\" class=\"tw-data-text vk_txt tw-ta tw-text-small\" dir=\"ltr\" data-placeholder=\"Translation\"><span lang=\"tr\">An\u0131lan \u015fartlardan herhangi ge\u00e7ersiz say\u0131l\u0131r e\u011fer \u015e\u00fcpheye mahal vermemek i\u00e7in , kalan terimler yine uygulanabilir kalacakt\u0131r .<\/span><\/p>\n<p><\/p>\n\n\n<details class=\"wp-block-details is-layout-flow wp-block-details-is-layout-flow\"><summary>Details<\/summary>\n<p><\/p>\n<\/details>","protected":false},"excerpt":{"rendered":"<p>\u015eartlar ve hizmet ko\u015fullar\u0131 Senin maddenin sorumlu avukat\u0131 Say\u0131n \u0130brahim olacak ve di\u011fer avukatlar ve personel bizim takdirine ba\u011fl\u0131 uygun g\u00f6r\u00fclen . I\u015fin alan\u0131m\u0131z bu sizin ile yaz\u0131l\u0131 olarak kabul edilecektir .\u00a0Bunun \u00f6tesinde t\u00fcm ek \u00e7al\u0131\u015fma yaz\u0131l\u0131 veya yaz\u0131l\u0131 olarak kabul edilecektir d\u0131\u015f\u0131nda herhangi bir ki\u015fi ya da ba\u015fka bir kuruma kabul etti . \u00a0 [&hellip;]<\/p>\n","protected":false},"author":2,"featured_media":0,"parent":0,"menu_order":0,"comment_status":"closed","ping_status":"closed","template":"","meta":{"footnotes":""},"class_list":["post-235","page","type-page","status-publish","czr-hentry"],"yoast_head":"<!-- This site is optimized with the Yoast SEO plugin v21.1 - https:\/\/yoast.com\/wordpress\/plugins\/seo\/ -->\n<title>\u015eartlar ve ko\u015fullar -<\/title>\n<meta name=\"robots\" content=\"index, follow, max-snippet:-1, max-image-preview:large, max-video-preview:-1\" \/>\n<link rel=\"canonical\" href=\"https:\/\/achieversllc.com\/terms-and-conditions\/\" \/>\n<meta property=\"og:locale\" content=\"tr_TR\" \/>\n<meta property=\"og:type\" content=\"article\" \/>\n<meta property=\"og:title\" content=\"\u015eartlar ve ko\u015fullar -\" \/>\n<meta property=\"og:description\" content=\"\u015eartlar ve hizmet ko\u015fullar\u0131 Senin maddenin sorumlu avukat\u0131 Say\u0131n \u0130brahim olacak ve di\u011fer avukatlar ve personel bizim takdirine ba\u011fl\u0131 uygun g\u00f6r\u00fclen . I\u015fin alan\u0131m\u0131z bu sizin ile yaz\u0131l\u0131 olarak kabul edilecektir .\u00a0Bunun \u00f6tesinde t\u00fcm ek \u00e7al\u0131\u015fma yaz\u0131l\u0131 veya yaz\u0131l\u0131 olarak kabul edilecektir d\u0131\u015f\u0131nda herhangi bir ki\u015fi ya da ba\u015fka bir kuruma kabul etti . \u00a0 [&hellip;]\" \/>\n<meta property=\"og:url\" content=\"https:\/\/achieversllc.com\/terms-and-conditions\/\" \/>\n<meta property=\"article:modified_time\" content=\"2023-12-07T08:50:02+00:00\" \/>\n<meta property=\"og:image\" content=\"http:\/\/achieversllc.com\/wp-content\/uploads\/2015\/09\/term_banner.jpg\" \/>\n<meta name=\"twitter:card\" content=\"summary_large_image\" \/>\n<meta name=\"twitter:label1\" content=\"Tahmini okuma s\u00fcresi\" \/>\n\t<meta name=\"twitter:data1\" content=\"8 dakika\" \/>\n<script type=\"application\/ld+json\" class=\"yoast-schema-graph\">{\"@context\":\"https:\/\/schema.org\",\"@graph\":[{\"@type\":\"WebPage\",\"@id\":\"https:\/\/achieversllc.com\/terms-and-conditions\/\",\"url\":\"https:\/\/achieversllc.com\/terms-and-conditions\/\",\"name\":\"\u015eartlar ve ko\u015fullar -\",\"isPartOf\":{\"@id\":\"https:\/\/achieversllc.com\/#website\"},\"datePublished\":\"2015-09-23T07:41:11+00:00\",\"dateModified\":\"2023-12-07T08:50:02+00:00\",\"breadcrumb\":{\"@id\":\"https:\/\/achieversllc.com\/terms-and-conditions\/#breadcrumb\"},\"inLanguage\":\"tr\",\"potentialAction\":[{\"@type\":\"ReadAction\",\"target\":[\"https:\/\/achieversllc.com\/terms-and-conditions\/\"]}]},{\"@type\":\"BreadcrumbList\",\"@id\":\"https:\/\/achieversllc.com\/terms-and-conditions\/#breadcrumb\",\"itemListElement\":[{\"@type\":\"ListItem\",\"position\":1,\"name\":\"Home\",\"item\":\"https:\/\/achieversllc.com\/\"},{\"@type\":\"ListItem\",\"position\":2,\"name\":\"Terms and Conditions\"}]},{\"@type\":\"WebSite\",\"@id\":\"https:\/\/achieversllc.com\/#website\",\"url\":\"https:\/\/achieversllc.com\/\",\"name\":\"\",\"description\":\" \",\"publisher\":{\"@id\":\"https:\/\/achieversllc.com\/#organization\"},\"potentialAction\":[{\"@type\":\"SearchAction\",\"target\":{\"@type\":\"EntryPoint\",\"urlTemplate\":\"https:\/\/achieversllc.com\/?s={search_term_string}\"},\"query-input\":\"required name=search_term_string\"}],\"inLanguage\":\"tr\"},{\"@type\":\"Organization\",\"@id\":\"https:\/\/achieversllc.com\/#organization\",\"name\":\"Achievers LLC\",\"url\":\"https:\/\/achieversllc.com\/\",\"logo\":{\"@type\":\"ImageObject\",\"inLanguage\":\"tr\",\"@id\":\"https:\/\/achieversllc.com\/#\/schema\/logo\/image\/\",\"url\":\"https:\/\/achieversllc.com\/wp-content\/uploads\/2015\/09\/cropped-NewLLCLogofw.png\",\"contentUrl\":\"https:\/\/achieversllc.com\/wp-content\/uploads\/2015\/09\/cropped-NewLLCLogofw.png\",\"width\":656,\"height\":250,\"caption\":\"Achievers LLC\"},\"image\":{\"@id\":\"https:\/\/achieversllc.com\/#\/schema\/logo\/image\/\"}}]}<\/script>\n<!-- \/ Yoast SEO plugin. -->","yoast_head_json":{"title":"\u015eartlar ve ko\u015fullar -","robots":{"index":"index","follow":"follow","max-snippet":"max-snippet:-1","max-image-preview":"max-image-preview:large","max-video-preview":"max-video-preview:-1"},"canonical":"https:\/\/achieversllc.com\/terms-and-conditions\/","og_locale":"tr_TR","og_type":"article","og_title":"\u015eartlar ve ko\u015fullar -","og_description":"\u015eartlar ve hizmet ko\u015fullar\u0131 Senin maddenin sorumlu avukat\u0131 Say\u0131n \u0130brahim olacak ve di\u011fer avukatlar ve personel bizim takdirine ba\u011fl\u0131 uygun g\u00f6r\u00fclen . I\u015fin alan\u0131m\u0131z bu sizin ile yaz\u0131l\u0131 olarak kabul edilecektir .\u00a0Bunun \u00f6tesinde t\u00fcm ek \u00e7al\u0131\u015fma yaz\u0131l\u0131 veya yaz\u0131l\u0131 olarak kabul edilecektir d\u0131\u015f\u0131nda herhangi bir ki\u015fi ya da ba\u015fka bir kuruma kabul etti . \u00a0 [&hellip;]","og_url":"https:\/\/achieversllc.com\/terms-and-conditions\/","article_modified_time":"2023-12-07T08:50:02+00:00","og_image":[{"url":"http:\/\/achieversllc.com\/wp-content\/uploads\/2015\/09\/term_banner.jpg"}],"twitter_card":"summary_large_image","twitter_misc":{"Tahmini okuma s\u00fcresi":"8 dakika"},"schema":{"@context":"https:\/\/schema.org","@graph":[{"@type":"WebPage","@id":"https:\/\/achieversllc.com\/terms-and-conditions\/","url":"https:\/\/achieversllc.com\/terms-and-conditions\/","name":"\u015eartlar ve ko\u015fullar -","isPartOf":{"@id":"https:\/\/achieversllc.com\/#website"},"datePublished":"2015-09-23T07:41:11+00:00","dateModified":"2023-12-07T08:50:02+00:00","breadcrumb":{"@id":"https:\/\/achieversllc.com\/terms-and-conditions\/#breadcrumb"},"inLanguage":"tr","potentialAction":[{"@type":"ReadAction","target":["https:\/\/achieversllc.com\/terms-and-conditions\/"]}]},{"@type":"BreadcrumbList","@id":"https:\/\/achieversllc.com\/terms-and-conditions\/#breadcrumb","itemListElement":[{"@type":"ListItem","position":1,"name":"Home","item":"https:\/\/achieversllc.com\/"},{"@type":"ListItem","position":2,"name":"Terms and Conditions"}]},{"@type":"WebSite","@id":"https:\/\/achieversllc.com\/#website","url":"https:\/\/achieversllc.com\/","name":"","description":" ","publisher":{"@id":"https:\/\/achieversllc.com\/#organization"},"potentialAction":[{"@type":"SearchAction","target":{"@type":"EntryPoint","urlTemplate":"https:\/\/achieversllc.com\/?s={search_term_string}"},"query-input":"required name=search_term_string"}],"inLanguage":"tr"},{"@type":"Organization","@id":"https:\/\/achieversllc.com\/#organization","name":"Achievers LLC","url":"https:\/\/achieversllc.com\/","logo":{"@type":"ImageObject","inLanguage":"tr","@id":"https:\/\/achieversllc.com\/#\/schema\/logo\/image\/","url":"https:\/\/achieversllc.com\/wp-content\/uploads\/2015\/09\/cropped-NewLLCLogofw.png","contentUrl":"https:\/\/achieversllc.com\/wp-content\/uploads\/2015\/09\/cropped-NewLLCLogofw.png","width":656,"height":250,"caption":"Achievers LLC"},"image":{"@id":"https:\/\/achieversllc.com\/#\/schema\/logo\/image\/"}}]}},"jetpack_sharing_enabled":true,"_links":{"self":[{"href":"https:\/\/achieversllc.com\/tr\/wp-json\/wp\/v2\/pages\/235","targetHints":{"allow":["GET"]}}],"collection":[{"href":"https:\/\/achieversllc.com\/tr\/wp-json\/wp\/v2\/pages"}],"about":[{"href":"https:\/\/achieversllc.com\/tr\/wp-json\/wp\/v2\/types\/page"}],"author":[{"embeddable":true,"href":"https:\/\/achieversllc.com\/tr\/wp-json\/wp\/v2\/users\/2"}],"replies":[{"embeddable":true,"href":"https:\/\/achieversllc.com\/tr\/wp-json\/wp\/v2\/comments?post=235"}],"version-history":[{"count":2,"href":"https:\/\/achieversllc.com\/tr\/wp-json\/wp\/v2\/pages\/235\/revisions"}],"predecessor-version":[{"id":2172,"href":"https:\/\/achieversllc.com\/tr\/wp-json\/wp\/v2\/pages\/235\/revisions\/2172"}],"wp:attachment":[{"href":"https:\/\/achieversllc.com\/tr\/wp-json\/wp\/v2\/media?parent=235"}],"curies":[{"name":"wp","href":"https:\/\/api.w.org\/{rel}","templated":true}]}}