{"id":32,"date":"2015-07-08T05:03:46","date_gmt":"2015-07-07T21:03:46","guid":{"rendered":"http:\/\/achieversllc.com\/?page_id=32"},"modified":"2015-10-02T13:19:31","modified_gmt":"2015-10-02T05:19:31","slug":"divorce","status":"publish","type":"page","link":"https:\/\/achieversllc.com\/tr\/divorce\/","title":{"rendered":"bo\u015fanma"},"content":{"rendered":"<p><a href=\"http:\/\/achieversllc.com\/wp-content\/uploads\/2015\/07\/divorce.jpg\"><img loading=\"lazy\" decoding=\"async\" class=\"alignnone size-full wp-image-33\" src=\"http:\/\/achieversllc.com\/wp-content\/uploads\/2015\/07\/divorce.jpg\" alt=\"divorce\" width=\"850\" height=\"565\" srcset=\"https:\/\/achieversllc.com\/wp-content\/uploads\/2015\/07\/divorce.jpg 850w, https:\/\/achieversllc.com\/wp-content\/uploads\/2015\/07\/divorce-300x199.jpg 300w, https:\/\/achieversllc.com\/wp-content\/uploads\/2015\/07\/divorce-140x94.jpg 140w\" sizes=\"auto, (max-width: 850px) 100vw, 850px\" \/><\/a><\/p>\n<p>Evlili\u011fini kurtarmak i\u00e7in elinden geleni yapt\u0131n inan\u0131yorum. Bu yeni ba\u015ftan ba\u015flamak i\u00e7in zaman oldu\u011funa karar verdi g\u00f6re i\u015fleminin m\u00fcmk\u00fcn oldu\u011fu kadar az ac\u0131 yapmak i\u00e7in bize izin verir. \u00c7ocuklar, bak\u0131m ve b\u00f6l\u00fcnme varl\u0131klar\u0131n velayetini ile yard\u0131mc\u0131 olaca\u011f\u0131z. Biz \u015eeriat bo\u015fanma, medeni hukuk bo\u015fanma ve \u00e7ok yetki bo\u015fanma deneyimlidir.<\/p>\n<div>Daha fazla sorular\u0131n\u0131z i\u00e7in <a>l\u00fctfen bize<\/a>.<\/div>\n<p>\n\n<!-- Fast Secure Contact Form plugin 4.0.50 - begin - FastSecureContactForm.com -->\r\n<div style=\"clear:both;\"><\/div>\n<p>Yorum ve sorular\u0131n\u0131z\u0131 bekliyoruz.<\/p>\r\n<div id=\"FSContact3\" style=\"width:99%; max-width:555px;\">\r\n<form action=\"https:\/\/achieversllc.com\/tr\/wp-json\/wp\/v2\/pages\/32#FSContact3\" id=\"fscf_form3\" method=\"post\">\r\n\n<div id=\"fscf_required3\">\n  <span style=\"text-align:left;\">*<\/span> <span style=\"text-align:left;\">zorunlu alan\u0131 g\u00f6sterir<\/span>\n<\/div>\n\n\n<div id=\"fscf_div_clear3_0\" style=\"clear:both;\">\n  <div id=\"fscf_div_field3_0\" style=\"clear:left; float:left; width:99%; max-width:550px; margin-right:10px;\">\r\n    <div style=\"text-align:left; padding-top:5px;\">\n      <label style=\"text-align:left;\" for=\"fscf_name3\">Ad\u0131n\u0131z:<span style=\"text-align:left;\">*<\/span><\/label>\n    <\/div>\r\n    <div style=\"text-align:left;\">\r\n      <input style=\"text-align:left; margin:0; width:99%; max-width:250px;\" type=\"text\" id=\"fscf_name3\" name=\"full_name\" value=\"\"  \/>\r\n    <\/div>\r\n  <\/div>\n<\/div>\n\n<div id=\"fscf_div_clear3_1\" style=\"clear:both;\">\n  <div id=\"fscf_div_field3_1\" style=\"clear:left; float:left; width:99%; max-width:550px; margin-right:10px;\">\n    <div style=\"text-align:left; padding-top:5px;\">\n      <label style=\"text-align:left;\" for=\"fscf_email3\">Eposta:<span style=\"text-align:left;\">*<\/span><\/label>\n    <\/div>\n    <div style=\"text-align:left;\">\n      <input style=\"text-align:left; margin:0; width:99%; max-width:250px;\" type=\"text\" id=\"fscf_email3\" name=\"email\" value=\"\"  \/>\n    <\/div>\n  <\/div>\n<\/div>\n\n<div id=\"fscf_div_clear3_2\" style=\"clear:both;\">\n  <div id=\"fscf_div_field3_2\" style=\"clear:left; float:left; width:99%; max-width:550px; margin-right:10px;\">\n    <div style=\"text-align:left; padding-top:5px;\">\n      <label style=\"text-align:left;\" for=\"fscf_field3_2\">Konu:<\/label>\n    <\/div>\n    <div style=\"text-align:left;\">\n      <input style=\"text-align:left; margin:0; width:99%; max-width:250px;\" type=\"text\" id=\"fscf_field3_2\" name=\"subject\" value=\"\"  \/>\n    <\/div>\n  <\/div>\n<\/div>\n\n<div id=\"fscf_div_clear3_3\" style=\"clear:both;\">\n  <div id=\"fscf_div_field3_3\" style=\"clear:left; float:left; width:99%; max-width:550px; margin-right:10px;\">\n    <div style=\"text-align:left; padding-top:5px;\">\n      <label style=\"text-align:left;\" for=\"fscf_field3_3\">\u0130leti:<\/label>\n    <\/div>\n    <div style=\"text-align:left;\">\n      <textarea style=\"text-align:left; margin:0; width:99%; max-width:250px; height:120px;\" id=\"fscf_field3_3\" name=\"message\" cols=\"30\" rows=\"10\" ><\/textarea>\n    <\/div>\n  <\/div>\n<\/div>\r\n<div style=\"clear:both;\"><\/div>\n\n<div style=\"text-align:left; padding-top:5px;\">\n<\/div>\n<div id=\"fscf_captcha_image_div3\" style=\"width:250px; height:65px; padding-top:2px;\">\n      <img loading=\"lazy\" decoding=\"async\" id=\"fscf_captcha_image3\" style=\"border-style:none; margin:0; padding:0px; padding-right:5px; float:left;\" src=\"https:\/\/achieversllc.com\/wp-content\/plugins\/si-contact-form\/captcha\/securimage_show.php?prefix=VCcbgcg0kPNQH2OA\" width=\"175\" height=\"60\" alt=\"CAPTCHA\" title=\"CAPTCHA\" \/>\n      <input id=\"fscf_captcha_prefix3\" type=\"hidden\" name=\"fscf_captcha_prefix3\" value=\"VCcbgcg0kPNQH2OA\" \/>\n     <div id=\"fscf_captcha_refresh3\">\n        <a href=\"#\" rel=\"nofollow\" title=\"Refresh\" onclick=\"fscf_captcha_refresh('3','\/wp-content\/plugins\/si-contact-form\/captcha','https:\/\/achieversllc.com\/wp-content\/plugins\/si-contact-form\/captcha\/securimage_show.php?prefix='); return false;\">\n        <img loading=\"lazy\" decoding=\"async\" src=\"https:\/\/achieversllc.com\/wp-content\/plugins\/si-contact-form\/captcha\/images\/refresh.png\" width=\"22\" height=\"20\" alt=\"Refresh\" style=\"border-style:none; margin:0; padding:0px; vertical-align:bottom;\" onclick=\"this.blur();\" \/><\/a>\r\n     <\/div>\r\n<\/div>\r\n\r\n<div id=\"fscf_captcha_field3\" style=\"text-align:left; padding-top:5px;\">\r\n     <label style=\"text-align:left;\" for=\"fscf_captcha_code3\">CAPTCHA (\u015eah\u0131s Denetim Kodu):<span style=\"text-align:left;\">*<\/span><\/label>\r\n<\/div>\r\n<div style=\"text-align:left;\">\n     <input style=\"text-align:left; margin:0; width:50px;\" type=\"text\" value=\"\" autocomplete=\"off\" id=\"fscf_captcha_code3\" name=\"captcha_code\"  \/>\n<\/div>\n\n<div id=\"fscf_submit_div3\" style=\"text-align:left; clear:both; padding-top:15px;\">\r\n\t\t<input type=\"submit\" id=\"fscf_submit3\" style=\"cursor:pointer; margin:0;\" value=\"G\u00f6nder\"  onclick=\"this.disabled=true; this.value='G\u00f6nderiliyor...'; this.form.submit();\" \/> \n<\/div>\n\n<input type=\"hidden\" name=\"fscf_submitted\" value=\"0\" \/>\n<input type=\"hidden\" name=\"fs_postonce_3\" value=\"fc678ff4f32ae5933a35d2cbbf88d96d,1777342303\" \/>\n<input type=\"hidden\" name=\"si_contact_action\" value=\"send\" \/>\n<input type=\"hidden\" name=\"form_id\" value=\"3\" \/>\n<input type=\"hidden\" name=\"mailto_id\" value=\"1\" \/>\n\n<\/form>\n<\/div>\r\n<div style=\"clear:both;\"><\/div>\n\n<!-- Fast Secure Contact Form plugin 4.0.50 - end - FastSecureContactForm.com -->\n<\/p>","protected":false},"excerpt":{"rendered":"<p>Evlili\u011fini kurtarmak i\u00e7in elinden geleni yapt\u0131n inan\u0131yorum. Bu yeni ba\u015ftan ba\u015flamak i\u00e7in zaman oldu\u011funa karar verdi g\u00f6re i\u015fleminin m\u00fcmk\u00fcn oldu\u011fu kadar az ac\u0131 yapmak i\u00e7in bize izin verir. \u00c7ocuklar, bak\u0131m ve b\u00f6l\u00fcnme varl\u0131klar\u0131n velayetini ile yard\u0131mc\u0131 olaca\u011f\u0131z. Biz \u015eeriat bo\u015fanma, medeni hukuk bo\u015fanma ve \u00e7ok yetki bo\u015fanma deneyimlidir. Daha fazla sorular\u0131n\u0131z i\u00e7in l\u00fctfen bize.<\/p>\n","protected":false},"author":2,"featured_media":33,"parent":0,"menu_order":0,"comment_status":"closed","ping_status":"closed","template":"","meta":{"footnotes":""},"class_list":["post-32","page","type-page","status-publish","has-post-thumbnail","czr-hentry"],"yoast_head":"<!-- This site is optimized with the Yoast SEO plugin v21.1 - https:\/\/yoast.com\/wordpress\/plugins\/seo\/ -->\n<title>bo\u015fanma -<\/title>\n<meta name=\"robots\" content=\"index, follow, max-snippet:-1, max-image-preview:large, max-video-preview:-1\" \/>\n<link rel=\"canonical\" href=\"https:\/\/achieversllc.com\/divorce\/\" \/>\n<meta property=\"og:locale\" content=\"tr_TR\" \/>\n<meta property=\"og:type\" content=\"article\" \/>\n<meta property=\"og:title\" content=\"bo\u015fanma -\" \/>\n<meta property=\"og:description\" content=\"Evlili\u011fini kurtarmak i\u00e7in elinden geleni yapt\u0131n inan\u0131yorum. Bu yeni ba\u015ftan ba\u015flamak i\u00e7in zaman oldu\u011funa karar verdi g\u00f6re i\u015fleminin m\u00fcmk\u00fcn oldu\u011fu kadar az ac\u0131 yapmak i\u00e7in bize izin verir. \u00c7ocuklar, bak\u0131m ve b\u00f6l\u00fcnme varl\u0131klar\u0131n velayetini ile yard\u0131mc\u0131 olaca\u011f\u0131z. Biz \u015eeriat bo\u015fanma, medeni hukuk bo\u015fanma ve \u00e7ok yetki bo\u015fanma deneyimlidir. Daha fazla sorular\u0131n\u0131z i\u00e7in l\u00fctfen bize.\" \/>\n<meta property=\"og:url\" content=\"https:\/\/achieversllc.com\/divorce\/\" \/>\n<meta property=\"article:modified_time\" content=\"2015-10-02T05:19:31+00:00\" \/>\n<meta property=\"og:image\" content=\"https:\/\/achieversllc.com\/wp-content\/uploads\/2015\/07\/divorce.jpg\" \/>\n\t<meta property=\"og:image:width\" content=\"850\" \/>\n\t<meta property=\"og:image:height\" content=\"565\" \/>\n\t<meta property=\"og:image:type\" content=\"image\/jpeg\" \/>\n<meta name=\"twitter:card\" content=\"summary_large_image\" \/>\n<meta name=\"twitter:label1\" content=\"Tahmini okuma s\u00fcresi\" \/>\n\t<meta name=\"twitter:data1\" content=\"1 dakika\" \/>\n<script type=\"application\/ld+json\" class=\"yoast-schema-graph\">{\"@context\":\"https:\/\/schema.org\",\"@graph\":[{\"@type\":\"WebPage\",\"@id\":\"https:\/\/achieversllc.com\/divorce\/\",\"url\":\"https:\/\/achieversllc.com\/divorce\/\",\"name\":\"bo\u015fanma -\",\"isPartOf\":{\"@id\":\"https:\/\/achieversllc.com\/#website\"},\"datePublished\":\"2015-07-07T21:03:46+00:00\",\"dateModified\":\"2015-10-02T05:19:31+00:00\",\"breadcrumb\":{\"@id\":\"https:\/\/achieversllc.com\/divorce\/#breadcrumb\"},\"inLanguage\":\"tr\",\"potentialAction\":[{\"@type\":\"ReadAction\",\"target\":[\"https:\/\/achieversllc.com\/divorce\/\"]}]},{\"@type\":\"BreadcrumbList\",\"@id\":\"https:\/\/achieversllc.com\/divorce\/#breadcrumb\",\"itemListElement\":[{\"@type\":\"ListItem\",\"position\":1,\"name\":\"Home\",\"item\":\"https:\/\/achieversllc.com\/\"},{\"@type\":\"ListItem\",\"position\":2,\"name\":\"Divorce\"}]},{\"@type\":\"WebSite\",\"@id\":\"https:\/\/achieversllc.com\/#website\",\"url\":\"https:\/\/achieversllc.com\/\",\"name\":\"\",\"description\":\" \",\"publisher\":{\"@id\":\"https:\/\/achieversllc.com\/#organization\"},\"potentialAction\":[{\"@type\":\"SearchAction\",\"target\":{\"@type\":\"EntryPoint\",\"urlTemplate\":\"https:\/\/achieversllc.com\/?s={search_term_string}\"},\"query-input\":\"required name=search_term_string\"}],\"inLanguage\":\"tr\"},{\"@type\":\"Organization\",\"@id\":\"https:\/\/achieversllc.com\/#organization\",\"name\":\"Achievers LLC\",\"url\":\"https:\/\/achieversllc.com\/\",\"logo\":{\"@type\":\"ImageObject\",\"inLanguage\":\"tr\",\"@id\":\"https:\/\/achieversllc.com\/#\/schema\/logo\/image\/\",\"url\":\"https:\/\/achieversllc.com\/wp-content\/uploads\/2015\/09\/cropped-NewLLCLogofw.png\",\"contentUrl\":\"https:\/\/achieversllc.com\/wp-content\/uploads\/2015\/09\/cropped-NewLLCLogofw.png\",\"width\":656,\"height\":250,\"caption\":\"Achievers LLC\"},\"image\":{\"@id\":\"https:\/\/achieversllc.com\/#\/schema\/logo\/image\/\"}}]}<\/script>\n<!-- \/ Yoast SEO plugin. -->","yoast_head_json":{"title":"bo\u015fanma -","robots":{"index":"index","follow":"follow","max-snippet":"max-snippet:-1","max-image-preview":"max-image-preview:large","max-video-preview":"max-video-preview:-1"},"canonical":"https:\/\/achieversllc.com\/divorce\/","og_locale":"tr_TR","og_type":"article","og_title":"bo\u015fanma -","og_description":"Evlili\u011fini kurtarmak i\u00e7in elinden geleni yapt\u0131n inan\u0131yorum. Bu yeni ba\u015ftan ba\u015flamak i\u00e7in zaman oldu\u011funa karar verdi g\u00f6re i\u015fleminin m\u00fcmk\u00fcn oldu\u011fu kadar az ac\u0131 yapmak i\u00e7in bize izin verir. \u00c7ocuklar, bak\u0131m ve b\u00f6l\u00fcnme varl\u0131klar\u0131n velayetini ile yard\u0131mc\u0131 olaca\u011f\u0131z. Biz \u015eeriat bo\u015fanma, medeni hukuk bo\u015fanma ve \u00e7ok yetki bo\u015fanma deneyimlidir. Daha fazla sorular\u0131n\u0131z i\u00e7in l\u00fctfen bize.","og_url":"https:\/\/achieversllc.com\/divorce\/","article_modified_time":"2015-10-02T05:19:31+00:00","og_image":[{"width":850,"height":565,"url":"https:\/\/achieversllc.com\/wp-content\/uploads\/2015\/07\/divorce.jpg","type":"image\/jpeg"}],"twitter_card":"summary_large_image","twitter_misc":{"Tahmini okuma s\u00fcresi":"1 dakika"},"schema":{"@context":"https:\/\/schema.org","@graph":[{"@type":"WebPage","@id":"https:\/\/achieversllc.com\/divorce\/","url":"https:\/\/achieversllc.com\/divorce\/","name":"bo\u015fanma -","isPartOf":{"@id":"https:\/\/achieversllc.com\/#website"},"datePublished":"2015-07-07T21:03:46+00:00","dateModified":"2015-10-02T05:19:31+00:00","breadcrumb":{"@id":"https:\/\/achieversllc.com\/divorce\/#breadcrumb"},"inLanguage":"tr","potentialAction":[{"@type":"ReadAction","target":["https:\/\/achieversllc.com\/divorce\/"]}]},{"@type":"BreadcrumbList","@id":"https:\/\/achieversllc.com\/divorce\/#breadcrumb","itemListElement":[{"@type":"ListItem","position":1,"name":"Home","item":"https:\/\/achieversllc.com\/"},{"@type":"ListItem","position":2,"name":"Divorce"}]},{"@type":"WebSite","@id":"https:\/\/achieversllc.com\/#website","url":"https:\/\/achieversllc.com\/","name":"","description":" ","publisher":{"@id":"https:\/\/achieversllc.com\/#organization"},"potentialAction":[{"@type":"SearchAction","target":{"@type":"EntryPoint","urlTemplate":"https:\/\/achieversllc.com\/?s={search_term_string}"},"query-input":"required name=search_term_string"}],"inLanguage":"tr"},{"@type":"Organization","@id":"https:\/\/achieversllc.com\/#organization","name":"Achievers LLC","url":"https:\/\/achieversllc.com\/","logo":{"@type":"ImageObject","inLanguage":"tr","@id":"https:\/\/achieversllc.com\/#\/schema\/logo\/image\/","url":"https:\/\/achieversllc.com\/wp-content\/uploads\/2015\/09\/cropped-NewLLCLogofw.png","contentUrl":"https:\/\/achieversllc.com\/wp-content\/uploads\/2015\/09\/cropped-NewLLCLogofw.png","width":656,"height":250,"caption":"Achievers LLC"},"image":{"@id":"https:\/\/achieversllc.com\/#\/schema\/logo\/image\/"}}]}},"jetpack_sharing_enabled":true,"_links":{"self":[{"href":"https:\/\/achieversllc.com\/tr\/wp-json\/wp\/v2\/pages\/32","targetHints":{"allow":["GET"]}}],"collection":[{"href":"https:\/\/achieversllc.com\/tr\/wp-json\/wp\/v2\/pages"}],"about":[{"href":"https:\/\/achieversllc.com\/tr\/wp-json\/wp\/v2\/types\/page"}],"author":[{"embeddable":true,"href":"https:\/\/achieversllc.com\/tr\/wp-json\/wp\/v2\/users\/2"}],"replies":[{"embeddable":true,"href":"https:\/\/achieversllc.com\/tr\/wp-json\/wp\/v2\/comments?post=32"}],"version-history":[{"count":1,"href":"https:\/\/achieversllc.com\/tr\/wp-json\/wp\/v2\/pages\/32\/revisions"}],"predecessor-version":[{"id":300,"href":"https:\/\/achieversllc.com\/tr\/wp-json\/wp\/v2\/pages\/32\/revisions\/300"}],"wp:featuredmedia":[{"embeddable":true,"href":"https:\/\/achieversllc.com\/tr\/wp-json\/wp\/v2\/media\/33"}],"wp:attachment":[{"href":"https:\/\/achieversllc.com\/tr\/wp-json\/wp\/v2\/media?parent=32"}],"curies":[{"name":"wp","href":"https:\/\/api.w.org\/{rel}","templated":true}]}}