{"id":36,"date":"2015-07-08T05:07:51","date_gmt":"2015-07-07T21:07:51","guid":{"rendered":"http:\/\/achieversllc.com\/?page_id=36"},"modified":"2023-12-06T11:03:32","modified_gmt":"2023-12-06T03:03:32","slug":"transactional-law","status":"publish","type":"page","link":"https:\/\/achieversllc.com\/tr\/transactional-law\/","title":{"rendered":"\u015eirket \u0130\u015fleri ve Muameleleri Hukukunu (Kanununu)"},"content":{"rendered":"<p><a href=\"http:\/\/achieversllc.com\/wp-content\/uploads\/2015\/07\/transaction.jpg\"><img loading=\"lazy\" decoding=\"async\" class=\"alignnone size-full wp-image-37\" src=\"http:\/\/achieversllc.com\/wp-content\/uploads\/2015\/07\/transaction.jpg\" alt=\"transaction\" width=\"960\" height=\"288\" srcset=\"https:\/\/achieversllc.com\/wp-content\/uploads\/2015\/07\/transaction.jpg 960w, https:\/\/achieversllc.com\/wp-content\/uploads\/2015\/07\/transaction-300x90.jpg 300w\" sizes=\"auto, (max-width: 960px) 100vw, 960px\" \/><\/a><\/p>\n<p>Petrol ve Gaz, Denizcilik ve Emtia (Kau\u00e7uk) konular\u0131nda \u015eirket \u0130\u015fleri ve Muameleleri Hukuku (Kanunu) ve sat\u0131n alma prosed\u00fcrleri konusunda kapsaml\u0131 bir deneyime sahibiz. \u00dczerine konsantre oldu\u011fumuz birka\u00e7 alan \u015funlard\u0131r;<\/p>\n<ul>\n<li>Rekabet kanunu riski.<\/li>\n<li>Teminat Mektubu konusunda Tavsiyelerde bulunma ve M\u00fczakereler.<\/li>\n<\/ul>\n<p><\/p>","protected":false},"excerpt":{"rendered":"<p>Petrol ve Gaz, Denizcilik ve Emtia (Kau\u00e7uk) konular\u0131nda \u015eirket \u0130\u015fleri ve Muameleleri Hukuku (Kanunu) ve sat\u0131n alma prosed\u00fcrleri konusunda kapsaml\u0131 bir deneyime sahibiz. \u00dczerine konsantre oldu\u011fumuz birka\u00e7 alan \u015funlard\u0131r; Rekabet kanunu riski. Teminat Mektubu konusunda Tavsiyelerde bulunma ve M\u00fczakereler.<\/p>\n","protected":false},"author":2,"featured_media":37,"parent":0,"menu_order":0,"comment_status":"closed","ping_status":"closed","template":"","meta":{"footnotes":""},"class_list":["post-36","page","type-page","status-publish","has-post-thumbnail","czr-hentry"],"yoast_head":"<!-- This site is optimized with the Yoast SEO plugin v21.1 - https:\/\/yoast.com\/wordpress\/plugins\/seo\/ -->\n<title>\u015eirket \u0130\u015fleri ve Muameleleri Hukukunu (Kanununu) -<\/title>\n<meta name=\"robots\" content=\"index, follow, max-snippet:-1, max-image-preview:large, max-video-preview:-1\" \/>\n<link rel=\"canonical\" href=\"https:\/\/achieversllc.com\/transactional-law\/\" \/>\n<meta property=\"og:locale\" content=\"tr_TR\" \/>\n<meta property=\"og:type\" content=\"article\" \/>\n<meta property=\"og:title\" content=\"\u015eirket \u0130\u015fleri ve Muameleleri Hukukunu (Kanununu) -\" \/>\n<meta property=\"og:description\" content=\"Petrol ve Gaz, Denizcilik ve Emtia (Kau\u00e7uk) konular\u0131nda \u015eirket \u0130\u015fleri ve Muameleleri Hukuku (Kanunu) ve sat\u0131n alma prosed\u00fcrleri konusunda kapsaml\u0131 bir deneyime sahibiz. \u00dczerine konsantre oldu\u011fumuz birka\u00e7 alan \u015funlard\u0131r; Rekabet kanunu riski. Teminat Mektubu konusunda Tavsiyelerde bulunma ve M\u00fczakereler.\" \/>\n<meta property=\"og:url\" content=\"https:\/\/achieversllc.com\/transactional-law\/\" \/>\n<meta property=\"article:modified_time\" content=\"2023-12-06T03:03:32+00:00\" \/>\n<meta property=\"og:image\" content=\"https:\/\/achieversllc.com\/wp-content\/uploads\/2015\/07\/transaction.jpg\" \/>\n\t<meta property=\"og:image:width\" content=\"960\" \/>\n\t<meta property=\"og:image:height\" content=\"288\" \/>\n\t<meta property=\"og:image:type\" content=\"image\/jpeg\" \/>\n<meta name=\"twitter:card\" content=\"summary_large_image\" \/>\n<meta name=\"twitter:label1\" content=\"Tahmini okuma s\u00fcresi\" \/>\n\t<meta name=\"twitter:data1\" content=\"2 dakika\" \/>\n<script type=\"application\/ld+json\" class=\"yoast-schema-graph\">{\"@context\":\"https:\/\/schema.org\",\"@graph\":[{\"@type\":\"WebPage\",\"@id\":\"https:\/\/achieversllc.com\/transactional-law\/\",\"url\":\"https:\/\/achieversllc.com\/transactional-law\/\",\"name\":\"\u015eirket \u0130\u015fleri ve Muameleleri Hukukunu (Kanununu) -\",\"isPartOf\":{\"@id\":\"https:\/\/achieversllc.com\/#website\"},\"datePublished\":\"2015-07-07T21:07:51+00:00\",\"dateModified\":\"2023-12-06T03:03:32+00:00\",\"breadcrumb\":{\"@id\":\"https:\/\/achieversllc.com\/transactional-law\/#breadcrumb\"},\"inLanguage\":\"tr\",\"potentialAction\":[{\"@type\":\"ReadAction\",\"target\":[\"https:\/\/achieversllc.com\/transactional-law\/\"]}]},{\"@type\":\"BreadcrumbList\",\"@id\":\"https:\/\/achieversllc.com\/transactional-law\/#breadcrumb\",\"itemListElement\":[{\"@type\":\"ListItem\",\"position\":1,\"name\":\"Home\",\"item\":\"https:\/\/achieversllc.com\/\"},{\"@type\":\"ListItem\",\"position\":2,\"name\":\"Transactional Law\"}]},{\"@type\":\"WebSite\",\"@id\":\"https:\/\/achieversllc.com\/#website\",\"url\":\"https:\/\/achieversllc.com\/\",\"name\":\"\",\"description\":\" \",\"publisher\":{\"@id\":\"https:\/\/achieversllc.com\/#organization\"},\"potentialAction\":[{\"@type\":\"SearchAction\",\"target\":{\"@type\":\"EntryPoint\",\"urlTemplate\":\"https:\/\/achieversllc.com\/?s={search_term_string}\"},\"query-input\":\"required name=search_term_string\"}],\"inLanguage\":\"tr\"},{\"@type\":\"Organization\",\"@id\":\"https:\/\/achieversllc.com\/#organization\",\"name\":\"Achievers LLC\",\"url\":\"https:\/\/achieversllc.com\/\",\"logo\":{\"@type\":\"ImageObject\",\"inLanguage\":\"tr\",\"@id\":\"https:\/\/achieversllc.com\/#\/schema\/logo\/image\/\",\"url\":\"https:\/\/achieversllc.com\/wp-content\/uploads\/2015\/09\/cropped-NewLLCLogofw.png\",\"contentUrl\":\"https:\/\/achieversllc.com\/wp-content\/uploads\/2015\/09\/cropped-NewLLCLogofw.png\",\"width\":656,\"height\":250,\"caption\":\"Achievers LLC\"},\"image\":{\"@id\":\"https:\/\/achieversllc.com\/#\/schema\/logo\/image\/\"}}]}<\/script>\n<!-- \/ Yoast SEO plugin. -->","yoast_head_json":{"title":"\u015eirket \u0130\u015fleri ve Muameleleri Hukukunu (Kanununu) -","robots":{"index":"index","follow":"follow","max-snippet":"max-snippet:-1","max-image-preview":"max-image-preview:large","max-video-preview":"max-video-preview:-1"},"canonical":"https:\/\/achieversllc.com\/transactional-law\/","og_locale":"tr_TR","og_type":"article","og_title":"\u015eirket \u0130\u015fleri ve Muameleleri Hukukunu (Kanununu) -","og_description":"Petrol ve Gaz, Denizcilik ve Emtia (Kau\u00e7uk) konular\u0131nda \u015eirket \u0130\u015fleri ve Muameleleri Hukuku (Kanunu) ve sat\u0131n alma prosed\u00fcrleri konusunda kapsaml\u0131 bir deneyime sahibiz. \u00dczerine konsantre oldu\u011fumuz birka\u00e7 alan \u015funlard\u0131r; Rekabet kanunu riski. Teminat Mektubu konusunda Tavsiyelerde bulunma ve M\u00fczakereler.","og_url":"https:\/\/achieversllc.com\/transactional-law\/","article_modified_time":"2023-12-06T03:03:32+00:00","og_image":[{"width":960,"height":288,"url":"https:\/\/achieversllc.com\/wp-content\/uploads\/2015\/07\/transaction.jpg","type":"image\/jpeg"}],"twitter_card":"summary_large_image","twitter_misc":{"Tahmini okuma s\u00fcresi":"2 dakika"},"schema":{"@context":"https:\/\/schema.org","@graph":[{"@type":"WebPage","@id":"https:\/\/achieversllc.com\/transactional-law\/","url":"https:\/\/achieversllc.com\/transactional-law\/","name":"\u015eirket \u0130\u015fleri ve Muameleleri Hukukunu (Kanununu) -","isPartOf":{"@id":"https:\/\/achieversllc.com\/#website"},"datePublished":"2015-07-07T21:07:51+00:00","dateModified":"2023-12-06T03:03:32+00:00","breadcrumb":{"@id":"https:\/\/achieversllc.com\/transactional-law\/#breadcrumb"},"inLanguage":"tr","potentialAction":[{"@type":"ReadAction","target":["https:\/\/achieversllc.com\/transactional-law\/"]}]},{"@type":"BreadcrumbList","@id":"https:\/\/achieversllc.com\/transactional-law\/#breadcrumb","itemListElement":[{"@type":"ListItem","position":1,"name":"Home","item":"https:\/\/achieversllc.com\/"},{"@type":"ListItem","position":2,"name":"Transactional Law"}]},{"@type":"WebSite","@id":"https:\/\/achieversllc.com\/#website","url":"https:\/\/achieversllc.com\/","name":"","description":" ","publisher":{"@id":"https:\/\/achieversllc.com\/#organization"},"potentialAction":[{"@type":"SearchAction","target":{"@type":"EntryPoint","urlTemplate":"https:\/\/achieversllc.com\/?s={search_term_string}"},"query-input":"required name=search_term_string"}],"inLanguage":"tr"},{"@type":"Organization","@id":"https:\/\/achieversllc.com\/#organization","name":"Achievers LLC","url":"https:\/\/achieversllc.com\/","logo":{"@type":"ImageObject","inLanguage":"tr","@id":"https:\/\/achieversllc.com\/#\/schema\/logo\/image\/","url":"https:\/\/achieversllc.com\/wp-content\/uploads\/2015\/09\/cropped-NewLLCLogofw.png","contentUrl":"https:\/\/achieversllc.com\/wp-content\/uploads\/2015\/09\/cropped-NewLLCLogofw.png","width":656,"height":250,"caption":"Achievers LLC"},"image":{"@id":"https:\/\/achieversllc.com\/#\/schema\/logo\/image\/"}}]}},"jetpack_sharing_enabled":true,"_links":{"self":[{"href":"https:\/\/achieversllc.com\/tr\/wp-json\/wp\/v2\/pages\/36","targetHints":{"allow":["GET"]}}],"collection":[{"href":"https:\/\/achieversllc.com\/tr\/wp-json\/wp\/v2\/pages"}],"about":[{"href":"https:\/\/achieversllc.com\/tr\/wp-json\/wp\/v2\/types\/page"}],"author":[{"embeddable":true,"href":"https:\/\/achieversllc.com\/tr\/wp-json\/wp\/v2\/users\/2"}],"replies":[{"embeddable":true,"href":"https:\/\/achieversllc.com\/tr\/wp-json\/wp\/v2\/comments?post=36"}],"version-history":[{"count":3,"href":"https:\/\/achieversllc.com\/tr\/wp-json\/wp\/v2\/pages\/36\/revisions"}],"predecessor-version":[{"id":1911,"href":"https:\/\/achieversllc.com\/tr\/wp-json\/wp\/v2\/pages\/36\/revisions\/1911"}],"wp:featuredmedia":[{"embeddable":true,"href":"https:\/\/achieversllc.com\/tr\/wp-json\/wp\/v2\/media\/37"}],"wp:attachment":[{"href":"https:\/\/achieversllc.com\/tr\/wp-json\/wp\/v2\/media?parent=36"}],"curies":[{"name":"wp","href":"https:\/\/api.w.org\/{rel}","templated":true}]}}