{"id":39,"date":"2015-07-08T05:38:53","date_gmt":"2015-07-07T21:38:53","guid":{"rendered":"http:\/\/achieversllc.com\/?page_id=39"},"modified":"2017-03-28T13:48:24","modified_gmt":"2017-03-28T05:48:24","slug":"contact-us","status":"publish","type":"page","link":"https:\/\/achieversllc.com\/tr\/contact-us\/","title":{"rendered":"Bizimle Temas Kurun"},"content":{"rendered":"<p><div id=\"attachment_40\" style=\"width: 810px\" class=\"wp-caption aligncenter\"><img loading=\"lazy\" decoding=\"async\" aria-describedby=\"caption-attachment-40\" class=\"size-full wp-image-40\" src=\"http:\/\/achieversllc.com\/wp-content\/uploads\/2015\/07\/golden-landmark-shopping-complex.jpg\" alt=\"Achivers LLC\" width=\"800\" height=\"600\" srcset=\"https:\/\/achieversllc.com\/wp-content\/uploads\/2015\/07\/golden-landmark-shopping-complex.jpg 800w, https:\/\/achieversllc.com\/wp-content\/uploads\/2015\/07\/golden-landmark-shopping-complex-300x225.jpg 300w\" sizes=\"auto, (max-width: 800px) 100vw, 800px\" \/><p id=\"caption-attachment-40\" class=\"wp-caption-text\"><strong>Achivers LLC<\/strong><\/p><\/div><\/p>\n<p><em>390 Victoria Street #02-38 <\/em><em>Golden Landmark Shopping Center <\/em>Singapore 188061<\/p>\n<p>Tel: 63924280<\/p>\n<p>Fax: 63924287<\/p>\n<p>Hp: 8121 8131<\/p>\n<p>Email: ibrahim@achieversllc.com<\/p>\n<p>\u00dcmit ederiz ki, size Achievers LLC\u2019nin deneyimleri ve temel becerileri konusunda bir fikir sahibi olabilmeniz i\u00e7in yeteri derecede bilgilendirmi\u015fizdir B\u00fcy\u00fck \u2018yasal ve hukuki resmi\u2019 g\u00f6r\u00fcr\u00fcz.<\/p>\n<p>\u00d6zel ki\u015filerle ve b\u00fcy\u00fck \u015firketlerle \u00e7al\u0131\u015ft\u0131k ve \u015funu biliyoruz ki, m\u00fc\u015fterilerimizin tatmini, ger\u00e7ek ili\u015fkiler tesis edildi\u011fi zaman ve g\u00fc\u00e7l\u00fc y\u00f6nlerimiz sizin ihtiya\u00e7lar\u0131n\u0131z i\u00e7in uygun oldu\u011fu zaman olu\u015fmaktad\u0131r.<\/p>\n<p>Burada anahtar, iyi dinlemede ve aktif olan ve bir ilki ba\u015faran avukatl\u0131k becerisindedir.<\/p>\n<p><strong><em><b>Birlikte \u00e7al\u0131\u015fabilmemiz i\u00e7in <\/b><\/em><\/strong> <strong><em><b>Achievers LLC ile temasa ge\u00e7iniz<\/b><\/em>:<\/strong><\/p>\n<p>\n\n<!-- Fast Secure Contact Form plugin 4.0.50 - begin - FastSecureContactForm.com -->\r\n<div style=\"clear:both;\"><\/div>\n<p><strong>Contact Achievers LLC so that we can work together:<\/strong><\/p>\r\n<div id=\"FSContact4\" style=\"width:99%; max-width:555px;\">\r\n<form action=\"https:\/\/achieversllc.com\/tr\/wp-json\/wp\/v2\/pages\/39#FSContact4\" id=\"fscf_form4\" method=\"post\">\r\n\n<div id=\"fscf_required4\">\n  <span style=\"text-align:left;\">*<\/span> <span style=\"text-align:left;\">zorunlu alan\u0131 g\u00f6sterir<\/span>\n<\/div>\n\n\n<div id=\"fscf_div_clear4_0\" style=\"clear:both;\">\n  <div id=\"fscf_div_field4_0\" style=\"clear:left; float:left; width:99%; max-width:550px; margin-right:10px;\">\r\n    <div style=\"text-align:left; padding-top:5px;\">\n      <label style=\"text-align:left;\" for=\"fscf_name4\">Ad\u0131n\u0131z:<span style=\"text-align:left;\">*<\/span><\/label>\n    <\/div>\r\n    <div style=\"text-align:left;\">\r\n      <input style=\"text-align:left; margin:0; width:99%; max-width:250px;\" type=\"text\" id=\"fscf_name4\" name=\"full_name\" value=\"\"  \/>\r\n    <\/div>\r\n  <\/div>\n<\/div>\n\n<div id=\"fscf_div_clear4_1\" style=\"clear:both;\">\n  <div id=\"fscf_div_field4_1\" style=\"clear:left; float:left; width:99%; max-width:550px; margin-right:10px;\">\n    <div style=\"text-align:left; padding-top:5px;\">\n      <label style=\"text-align:left;\" for=\"fscf_email4\">Eposta:<span style=\"text-align:left;\">*<\/span><\/label>\n    <\/div>\n    <div style=\"text-align:left;\">\n      <input style=\"text-align:left; margin:0; width:99%; max-width:250px;\" type=\"text\" id=\"fscf_email4\" name=\"email\" value=\"\"  \/>\n    <\/div>\n  <\/div>\n<\/div>\n\n<div id=\"fscf_div_clear4_2\" style=\"clear:both;\">\n  <div id=\"fscf_div_field4_2\" style=\"clear:left; float:left; width:99%; max-width:550px; margin-right:10px;\">\n    <div style=\"text-align:left; padding-top:5px;\">\n      <label style=\"text-align:left;\" for=\"fscf_field4_2\">Konu:<\/label>\n    <\/div>\n    <div style=\"text-align:left;\">\n      <input style=\"text-align:left; margin:0; width:99%; max-width:250px;\" type=\"text\" id=\"fscf_field4_2\" name=\"subject\" value=\"\"  \/>\n    <\/div>\n  <\/div>\n<\/div>\n\n<div id=\"fscf_div_clear4_3\" style=\"clear:both;\">\n  <div id=\"fscf_div_field4_3\" style=\"clear:left; float:left; width:99%; max-width:550px; margin-right:10px;\">\n    <div style=\"text-align:left; padding-top:5px;\">\n      <label style=\"text-align:left;\" for=\"fscf_field4_3\">\u0130leti:<\/label>\n    <\/div>\n    <div style=\"text-align:left;\">\n      <textarea style=\"text-align:left; margin:0; width:99%; max-width:250px; height:120px;\" id=\"fscf_field4_3\" name=\"message\" cols=\"30\" rows=\"10\" ><\/textarea>\n    <\/div>\n  <\/div>\n<\/div>\r\n<div style=\"clear:both;\"><\/div>\n\n<div style=\"text-align:left; padding-top:5px;\">\n<\/div>\n<div id=\"fscf_captcha_image_div4\" style=\"width:250px; height:65px; padding-top:2px;\">\n      <img loading=\"lazy\" decoding=\"async\" id=\"fscf_captcha_image4\" style=\"border-style:none; margin:0; padding:0px; padding-right:5px; float:left;\" src=\"https:\/\/achieversllc.com\/wp-content\/plugins\/si-contact-form\/captcha\/securimage_show.php?prefix=Mr0HDkEBTDMm7n0s\" width=\"175\" height=\"60\" alt=\"CAPTCHA\" title=\"CAPTCHA\" \/>\n      <input id=\"fscf_captcha_prefix4\" type=\"hidden\" name=\"fscf_captcha_prefix4\" value=\"Mr0HDkEBTDMm7n0s\" \/>\n     <div id=\"fscf_captcha_refresh4\">\n        <a href=\"#\" rel=\"nofollow\" title=\"Refresh\" onclick=\"fscf_captcha_refresh('4','\/wp-content\/plugins\/si-contact-form\/captcha','https:\/\/achieversllc.com\/wp-content\/plugins\/si-contact-form\/captcha\/securimage_show.php?prefix='); return false;\">\n        <img loading=\"lazy\" decoding=\"async\" src=\"https:\/\/achieversllc.com\/wp-content\/plugins\/si-contact-form\/captcha\/images\/refresh.png\" width=\"22\" height=\"20\" alt=\"Refresh\" style=\"border-style:none; margin:0; padding:0px; vertical-align:bottom;\" onclick=\"this.blur();\" \/><\/a>\r\n     <\/div>\r\n<\/div>\r\n\r\n<div id=\"fscf_captcha_field4\" style=\"text-align:left; padding-top:5px;\">\r\n     <label style=\"text-align:left;\" for=\"fscf_captcha_code4\">CAPTCHA (\u015eah\u0131s Denetim Kodu):<span style=\"text-align:left;\">*<\/span><\/label>\r\n<\/div>\r\n<div style=\"text-align:left;\">\n     <input style=\"text-align:left; margin:0; width:50px;\" type=\"text\" value=\"\" autocomplete=\"off\" id=\"fscf_captcha_code4\" name=\"captcha_code\"  \/>\n<\/div>\n\n<div id=\"fscf_submit_div4\" style=\"text-align:left; clear:both; padding-top:15px;\">\r\n\t\t<input type=\"submit\" id=\"fscf_submit4\" style=\"cursor:pointer; margin:0;\" value=\"G\u00f6nder\"  onclick=\"this.disabled=true; this.value='G\u00f6nderiliyor...'; this.form.submit();\" \/> \n<\/div>\n\n<input type=\"hidden\" name=\"fscf_submitted\" value=\"0\" \/>\n<input type=\"hidden\" name=\"fs_postonce_4\" value=\"a12430308896441dde4079c3e562f268,1775910617\" \/>\n<input type=\"hidden\" name=\"si_contact_action\" value=\"send\" \/>\n<input type=\"hidden\" name=\"form_id\" value=\"4\" \/>\n<input type=\"hidden\" name=\"mailto_id\" value=\"1\" \/>\n\n<\/form>\n<\/div>\r\n<div style=\"clear:both;\"><\/div>\n\n<!-- Fast Secure Contact Form plugin 4.0.50 - end - FastSecureContactForm.com -->\n<\/p>","protected":false},"excerpt":{"rendered":"<p>390 Victoria Street #02-38 Golden Landmark Shopping Center Singapore 188061 Tel: 63924280 Fax: 63924287 Hp: 8121 8131 Email: ibrahim@achieversllc.com \u00dcmit ederiz ki, size Achievers LLC\u2019nin deneyimleri ve temel becerileri konusunda bir fikir sahibi olabilmeniz i\u00e7in yeteri derecede bilgilendirmi\u015fizdir B\u00fcy\u00fck \u2018yasal ve hukuki resmi\u2019 g\u00f6r\u00fcr\u00fcz. \u00d6zel ki\u015filerle ve b\u00fcy\u00fck \u015firketlerle \u00e7al\u0131\u015ft\u0131k ve \u015funu biliyoruz ki, m\u00fc\u015fterilerimizin [&hellip;]<\/p>\n","protected":false},"author":2,"featured_media":0,"parent":0,"menu_order":0,"comment_status":"closed","ping_status":"closed","template":"","meta":{"footnotes":""},"class_list":["post-39","page","type-page","status-publish","czr-hentry"],"yoast_head":"<!-- This site is optimized with the Yoast SEO plugin v21.1 - https:\/\/yoast.com\/wordpress\/plugins\/seo\/ -->\n<title>Bizimle Temas Kurun -<\/title>\n<meta name=\"robots\" content=\"index, follow, max-snippet:-1, max-image-preview:large, max-video-preview:-1\" \/>\n<link rel=\"canonical\" href=\"https:\/\/achieversllc.com\/contact-us\/\" \/>\n<meta property=\"og:locale\" content=\"tr_TR\" \/>\n<meta property=\"og:type\" content=\"article\" \/>\n<meta property=\"og:title\" content=\"Bizimle Temas Kurun -\" \/>\n<meta property=\"og:description\" content=\"390 Victoria Street #02-38 Golden Landmark Shopping Center Singapore 188061 Tel: 63924280 Fax: 63924287 Hp: 8121 8131 Email: ibrahim@achieversllc.com \u00dcmit ederiz ki, size Achievers LLC\u2019nin deneyimleri ve temel becerileri konusunda bir fikir sahibi olabilmeniz i\u00e7in yeteri derecede bilgilendirmi\u015fizdir B\u00fcy\u00fck \u2018yasal ve hukuki resmi\u2019 g\u00f6r\u00fcr\u00fcz. \u00d6zel ki\u015filerle ve b\u00fcy\u00fck \u015firketlerle \u00e7al\u0131\u015ft\u0131k ve \u015funu biliyoruz ki, m\u00fc\u015fterilerimizin [&hellip;]\" \/>\n<meta property=\"og:url\" content=\"https:\/\/achieversllc.com\/contact-us\/\" \/>\n<meta property=\"article:modified_time\" content=\"2017-03-28T05:48:24+00:00\" \/>\n<meta property=\"og:image\" content=\"http:\/\/achieversllc.com\/wp-content\/uploads\/2015\/07\/golden-landmark-shopping-complex.jpg\" \/>\n<meta name=\"twitter:card\" content=\"summary_large_image\" \/>\n<meta name=\"twitter:label1\" content=\"Tahmini okuma s\u00fcresi\" \/>\n\t<meta name=\"twitter:data1\" content=\"2 dakika\" \/>\n<script type=\"application\/ld+json\" class=\"yoast-schema-graph\">{\"@context\":\"https:\/\/schema.org\",\"@graph\":[{\"@type\":\"WebPage\",\"@id\":\"https:\/\/achieversllc.com\/contact-us\/\",\"url\":\"https:\/\/achieversllc.com\/contact-us\/\",\"name\":\"Bizimle Temas Kurun -\",\"isPartOf\":{\"@id\":\"https:\/\/achieversllc.com\/#website\"},\"datePublished\":\"2015-07-07T21:38:53+00:00\",\"dateModified\":\"2017-03-28T05:48:24+00:00\",\"breadcrumb\":{\"@id\":\"https:\/\/achieversllc.com\/contact-us\/#breadcrumb\"},\"inLanguage\":\"tr\",\"potentialAction\":[{\"@type\":\"ReadAction\",\"target\":[\"https:\/\/achieversllc.com\/contact-us\/\"]}]},{\"@type\":\"BreadcrumbList\",\"@id\":\"https:\/\/achieversllc.com\/contact-us\/#breadcrumb\",\"itemListElement\":[{\"@type\":\"ListItem\",\"position\":1,\"name\":\"Home\",\"item\":\"https:\/\/achieversllc.com\/\"},{\"@type\":\"ListItem\",\"position\":2,\"name\":\"Contact Us\"}]},{\"@type\":\"WebSite\",\"@id\":\"https:\/\/achieversllc.com\/#website\",\"url\":\"https:\/\/achieversllc.com\/\",\"name\":\"\",\"description\":\" \",\"publisher\":{\"@id\":\"https:\/\/achieversllc.com\/#organization\"},\"potentialAction\":[{\"@type\":\"SearchAction\",\"target\":{\"@type\":\"EntryPoint\",\"urlTemplate\":\"https:\/\/achieversllc.com\/?s={search_term_string}\"},\"query-input\":\"required name=search_term_string\"}],\"inLanguage\":\"tr\"},{\"@type\":\"Organization\",\"@id\":\"https:\/\/achieversllc.com\/#organization\",\"name\":\"Achievers LLC\",\"url\":\"https:\/\/achieversllc.com\/\",\"logo\":{\"@type\":\"ImageObject\",\"inLanguage\":\"tr\",\"@id\":\"https:\/\/achieversllc.com\/#\/schema\/logo\/image\/\",\"url\":\"https:\/\/achieversllc.com\/wp-content\/uploads\/2015\/09\/cropped-NewLLCLogofw.png\",\"contentUrl\":\"https:\/\/achieversllc.com\/wp-content\/uploads\/2015\/09\/cropped-NewLLCLogofw.png\",\"width\":656,\"height\":250,\"caption\":\"Achievers LLC\"},\"image\":{\"@id\":\"https:\/\/achieversllc.com\/#\/schema\/logo\/image\/\"}}]}<\/script>\n<!-- \/ Yoast SEO plugin. -->","yoast_head_json":{"title":"Bizimle Temas Kurun -","robots":{"index":"index","follow":"follow","max-snippet":"max-snippet:-1","max-image-preview":"max-image-preview:large","max-video-preview":"max-video-preview:-1"},"canonical":"https:\/\/achieversllc.com\/contact-us\/","og_locale":"tr_TR","og_type":"article","og_title":"Bizimle Temas Kurun -","og_description":"390 Victoria Street #02-38 Golden Landmark Shopping Center Singapore 188061 Tel: 63924280 Fax: 63924287 Hp: 8121 8131 Email: ibrahim@achieversllc.com \u00dcmit ederiz ki, size Achievers LLC\u2019nin deneyimleri ve temel becerileri konusunda bir fikir sahibi olabilmeniz i\u00e7in yeteri derecede bilgilendirmi\u015fizdir B\u00fcy\u00fck \u2018yasal ve hukuki resmi\u2019 g\u00f6r\u00fcr\u00fcz. \u00d6zel ki\u015filerle ve b\u00fcy\u00fck \u015firketlerle \u00e7al\u0131\u015ft\u0131k ve \u015funu biliyoruz ki, m\u00fc\u015fterilerimizin [&hellip;]","og_url":"https:\/\/achieversllc.com\/contact-us\/","article_modified_time":"2017-03-28T05:48:24+00:00","og_image":[{"url":"http:\/\/achieversllc.com\/wp-content\/uploads\/2015\/07\/golden-landmark-shopping-complex.jpg"}],"twitter_card":"summary_large_image","twitter_misc":{"Tahmini okuma s\u00fcresi":"2 dakika"},"schema":{"@context":"https:\/\/schema.org","@graph":[{"@type":"WebPage","@id":"https:\/\/achieversllc.com\/contact-us\/","url":"https:\/\/achieversllc.com\/contact-us\/","name":"Bizimle Temas Kurun -","isPartOf":{"@id":"https:\/\/achieversllc.com\/#website"},"datePublished":"2015-07-07T21:38:53+00:00","dateModified":"2017-03-28T05:48:24+00:00","breadcrumb":{"@id":"https:\/\/achieversllc.com\/contact-us\/#breadcrumb"},"inLanguage":"tr","potentialAction":[{"@type":"ReadAction","target":["https:\/\/achieversllc.com\/contact-us\/"]}]},{"@type":"BreadcrumbList","@id":"https:\/\/achieversllc.com\/contact-us\/#breadcrumb","itemListElement":[{"@type":"ListItem","position":1,"name":"Home","item":"https:\/\/achieversllc.com\/"},{"@type":"ListItem","position":2,"name":"Contact Us"}]},{"@type":"WebSite","@id":"https:\/\/achieversllc.com\/#website","url":"https:\/\/achieversllc.com\/","name":"","description":" ","publisher":{"@id":"https:\/\/achieversllc.com\/#organization"},"potentialAction":[{"@type":"SearchAction","target":{"@type":"EntryPoint","urlTemplate":"https:\/\/achieversllc.com\/?s={search_term_string}"},"query-input":"required name=search_term_string"}],"inLanguage":"tr"},{"@type":"Organization","@id":"https:\/\/achieversllc.com\/#organization","name":"Achievers LLC","url":"https:\/\/achieversllc.com\/","logo":{"@type":"ImageObject","inLanguage":"tr","@id":"https:\/\/achieversllc.com\/#\/schema\/logo\/image\/","url":"https:\/\/achieversllc.com\/wp-content\/uploads\/2015\/09\/cropped-NewLLCLogofw.png","contentUrl":"https:\/\/achieversllc.com\/wp-content\/uploads\/2015\/09\/cropped-NewLLCLogofw.png","width":656,"height":250,"caption":"Achievers LLC"},"image":{"@id":"https:\/\/achieversllc.com\/#\/schema\/logo\/image\/"}}]}},"jetpack_sharing_enabled":true,"_links":{"self":[{"href":"https:\/\/achieversllc.com\/tr\/wp-json\/wp\/v2\/pages\/39","targetHints":{"allow":["GET"]}}],"collection":[{"href":"https:\/\/achieversllc.com\/tr\/wp-json\/wp\/v2\/pages"}],"about":[{"href":"https:\/\/achieversllc.com\/tr\/wp-json\/wp\/v2\/types\/page"}],"author":[{"embeddable":true,"href":"https:\/\/achieversllc.com\/tr\/wp-json\/wp\/v2\/users\/2"}],"replies":[{"embeddable":true,"href":"https:\/\/achieversllc.com\/tr\/wp-json\/wp\/v2\/comments?post=39"}],"version-history":[{"count":3,"href":"https:\/\/achieversllc.com\/tr\/wp-json\/wp\/v2\/pages\/39\/revisions"}],"predecessor-version":[{"id":1939,"href":"https:\/\/achieversllc.com\/tr\/wp-json\/wp\/v2\/pages\/39\/revisions\/1939"}],"wp:attachment":[{"href":"https:\/\/achieversllc.com\/tr\/wp-json\/wp\/v2\/media?parent=39"}],"curies":[{"name":"wp","href":"https:\/\/api.w.org\/{rel}","templated":true}]}}