{"id":42,"date":"2015-07-08T05:44:40","date_gmt":"2015-07-07T21:44:40","guid":{"rendered":"http:\/\/achieversllc.com\/?page_id=42"},"modified":"2024-02-21T15:05:05","modified_gmt":"2024-02-21T07:05:05","slug":"our-people","status":"publish","type":"page","link":"https:\/\/achieversllc.com\/tr\/our-people\/","title":{"rendered":"Our People"},"content":{"rendered":"<p><\/p>\n\n\n<div class=\"wp-block-image\">\n<figure class=\"alignright\"><a href=\"http:\/\/achieversllc.com\/wp-content\/uploads\/2015\/07\/DSC_1928.jpg\"><img loading=\"lazy\" decoding=\"async\" width=\"204\" height=\"300\" src=\"http:\/\/achieversllc.com\/wp-content\/uploads\/2015\/07\/DSC_1928-204x300.jpg\" alt=\"\" class=\"wp-image-165\" srcset=\"https:\/\/achieversllc.com\/wp-content\/uploads\/2015\/07\/DSC_1928-204x300.jpg 204w, https:\/\/achieversllc.com\/wp-content\/uploads\/2015\/07\/DSC_1928.jpg 435w\" sizes=\"auto, (max-width: 204px) 100vw, 204px\" \/><\/a><\/figure>\n<\/div>\n\n\n<p><span style=\"text-decoration: underline;\"><strong>Mohamed Ibrahim (Mr)<\/strong><\/span><\/p>\n\n\n\n<p><em><em>Dava Vekili, Avukat &amp;Hukuk Dan\u0131\u015fman\u0131<\/em> Avukat, \u0130ngiltere ve Galler Y\u00fcksek Mahkemesi Y\u00fcksek Lisans Diplomas\u0131 E-ticaret Uzman\u0131 (\u0130\u015f odaklan\u0131n) &#8211; Nanyang Polytechni<em>c<\/em> (Singapur) <\/em> \u00dcye &#8211; Hukuk Derne\u011fi Mesleki Sorumluluk Komitesi (2004 \u2013 6, 13-14) Belli ba\u015fl\u0131 m\u00fczakerelerde ve y\u00fcksek de\u011ferli s\u00f6zle\u015fmelerde tavsiyeler vermek de dahil olmak \u00fczere \u015firketler ve ticaret hukuku alan\u0131nda geni\u015f deneyim ve sorumluluk sahibi bir ki\u015fi olarak, taahh\u00fct i\u015flerinde, ticaret finansman\u0131nda, rekabet ve hukuki risk alanlar\u0131nda geni\u015f kapsaml\u0131 deneyim sahibidir ve h\u0131zl\u0131 ve etkili sulh yoluyla anla\u015fmalarda etkili birisi olarak da \u00e7e\u015fitli k\u00fclt\u00fcrlerdeki uluslar aras\u0131 yarg\u0131lamalarda ba\u015far\u0131l\u0131 bir ge\u00e7mi\u015fe sahiptir.<\/p>\n\n\n\n<p><b><span class=\"GINGER_SOFATWARE_correct\">Temel<\/span> Yetkinlikler<\/b><\/p>\n\n\n\n<ul class=\"wp-block-list\">\n<li><span style=\"color: #000080;\"><b><a style=\"color: #000080;\" title=\"\u015eirket \u0130\u015fleri Hukuku\" href=\"http:\/\/achieversllc.com\/tr\/transnationallaw\">\u015eirket \u0130\u015fleri Hukuku<\/a> <\/b><\/span><\/li>\n\n\n\n<li><span style=\"color: #000080;\"><b><a style=\"color: #000080;\" title=\"Fon Y\u00f6netimi\" href=\"http:\/\/achieversllc.com\/tr\/fundmanagment\"><span class=\"GINGER_SOFATWARE_correct\">Fon<\/span> Y\u00f6netimi<\/a><\/b><\/span><\/li>\n<\/ul>\n\n\n\n<p><b>Ki\u015fisel Bilgiler<\/b> Kuvvetli bir i\u015f ahlak\u0131 sahibi ve y\u00fcksek seviyede otonomi ve ki\u015fisel sorumluluk sahibidir. Ba\u011f\u0131ms\u0131z ve etkili bir d\u00fc\u015f\u00fcn\u00fcrd\u00fcr. Hukukun temel konular\u0131nda, \u00f6zellikle de m\u00fczakereler, temyiz s\u00fcre\u00e7leri ve y\u00fck\u00fcml\u00fcl\u00fckleri konular\u0131nda sa\u011flam bir temele sahiptir Ak\u0131c\u0131 olarak \u0130ngilizceye, Tamil Diline, Malay Diline, Bahasa Endonezya Diline, Arap\u00e7a ve \u00c7inceye hakimdir.<\/p>\n\n\n\n<p><b><i>Belli Ba\u015fl\u0131 Ba\u015far\u0131lar\u0131ndan baz\u0131lar\u0131:<\/i><\/b><\/p>\n\n\n\n<ul class=\"wp-block-list\">\n<li>AG\u2019nin Odas\u0131n\u0131n yasan\u0131n gerekli s\u00fcrecini takip etmeksizin \u00e7\u0131kard\u0131\u011f\u0131 bir uyar\u0131y\u0131 geri \u00e7ekmesi i\u00e7in Yarg\u0131 Denetimi Usullerini ba\u015far\u0131l\u0131 bir \u015fekilde ba\u015flatm\u0131\u015ft\u0131r (<em><b>Singapur\u2019da ilk defa b\u00f6yle bir sonu\u00e7 elde edilmi\u015ftir.<\/b><\/em>)<\/li>\n\n\n\n<li>A\u015fa\u011f\u0131daki S\u00f6zle\u015fmeleri Sonu\u00e7land\u0131rd\u0131\u011f\u0131 \u0130\u00e7in \u00d6zel Takdir \u00d6d\u00fclleri Alm\u0131\u015ft\u0131r\n<ul class=\"wp-block-list\">\n<li>Mitsubishi Chemicals ile co\u011frafi de\u011fi\u015f toku\u015f unsuruyla birlikte 700 milyon ABD Dolar\u0131 tutar\u0131ndaki \u00e7ok-y\u0131ll\u0131 sat\u0131\u015f s\u00f6zle\u015fmesi<\/li>\n\n\n\n<li>Hindistanl\u0131 bir kurulu\u015f ile 500 milyon ABD Dolar\u0131 tutar\u0131nda \u00e7ok-y\u0131ll\u0131 bir sat\u0131\u015f s\u00f6zle\u015fmesi<\/li>\n\n\n\n<li>Vopak ile 140 milyon ABD Dolar\u0131 tutar\u0131nda \u00e7ok-y\u0131ll\u0131 sat\u0131\u015f ama\u00e7l\u0131 depolama s\u00f6zle\u015fmesi<\/li>\n\n\n\n<li>Oiltanking ile \u00e7ok-y\u0131ll\u0131 sat\u0131\u015f ama\u00e7l\u0131 100 milyon ABD dolar\u0131 tutar\u0131nda depolama s\u00f6zle\u015fmesi<\/li>\n<\/ul>\n<\/li>\n\n\n\n<li>Ticari Markalar Kanununa ve Telif Hakk\u0131 Yasas\u0131na g\u00f6re AG\u2019nin Odas\u0131 i\u00e7in DNATA i\u00e7in m\u00fcdafaa davet bile edilmeden \u00f6nce savunman\u0131n ba\u015far\u0131l\u0131 bir \u015fekilde y\u00fcr\u00fct\u00fclmesi.<\/li>\n\n\n\n<li>Citibank N. A. ad\u0131na ve nam-\u0131 hesab\u0131na O. 51 \u00dccretlerle ilgili Mahkeme Kurallar\u0131 taht\u0131nda takip i\u015flemlerinde adalete uygun alacakl\u0131 esas\u0131na g\u00f6re prensiplerin sa\u011flanmas\u0131 (<em><b>Singapur\u2019da ilk defa b\u00f6yle bir sonu\u00e7 elde edilmi\u015ftir.<\/b><\/em><\/li>\n<\/ul>\n\n\n\n<p><\/p>","protected":false},"excerpt":{"rendered":"<p>Mohamed Ibrahim (Mr) Dava Vekili, Avukat &amp;Hukuk Dan\u0131\u015fman\u0131 Avukat, \u0130ngiltere ve Galler Y\u00fcksek Mahkemesi Y\u00fcksek Lisans Diplomas\u0131 E-ticaret Uzman\u0131 (\u0130\u015f odaklan\u0131n) &#8211; Nanyang Polytechnic (Singapur) \u00dcye &#8211; Hukuk Derne\u011fi Mesleki Sorumluluk Komitesi (2004 \u2013 6, 13-14) Belli ba\u015fl\u0131 m\u00fczakerelerde ve y\u00fcksek de\u011ferli s\u00f6zle\u015fmelerde tavsiyeler vermek de dahil olmak \u00fczere \u015firketler ve ticaret hukuku alan\u0131nda geni\u015f [&hellip;]<\/p>\n","protected":false},"author":2,"featured_media":0,"parent":0,"menu_order":0,"comment_status":"closed","ping_status":"closed","template":"","meta":{"footnotes":""},"class_list":["post-42","page","type-page","status-publish","czr-hentry"],"yoast_head":"<!-- This site is optimized with the Yoast SEO plugin v21.1 - https:\/\/yoast.com\/wordpress\/plugins\/seo\/ -->\n<title>Our People -<\/title>\n<meta name=\"robots\" content=\"index, follow, max-snippet:-1, max-image-preview:large, max-video-preview:-1\" \/>\n<link rel=\"canonical\" href=\"https:\/\/achieversllc.com\/our-people\/\" \/>\n<meta property=\"og:locale\" content=\"tr_TR\" \/>\n<meta property=\"og:type\" content=\"article\" \/>\n<meta property=\"og:title\" content=\"Our People -\" \/>\n<meta property=\"og:description\" content=\"Mohamed Ibrahim (Mr) Dava Vekili, Avukat &amp;Hukuk Dan\u0131\u015fman\u0131 Avukat, \u0130ngiltere ve Galler Y\u00fcksek Mahkemesi Y\u00fcksek Lisans Diplomas\u0131 E-ticaret Uzman\u0131 (\u0130\u015f odaklan\u0131n) &#8211; Nanyang Polytechnic (Singapur) \u00dcye &#8211; Hukuk Derne\u011fi Mesleki Sorumluluk Komitesi (2004 \u2013 6, 13-14) Belli ba\u015fl\u0131 m\u00fczakerelerde ve y\u00fcksek de\u011ferli s\u00f6zle\u015fmelerde tavsiyeler vermek de dahil olmak \u00fczere \u015firketler ve ticaret hukuku alan\u0131nda geni\u015f [&hellip;]\" \/>\n<meta property=\"og:url\" content=\"https:\/\/achieversllc.com\/our-people\/\" \/>\n<meta property=\"article:modified_time\" content=\"2024-02-21T07:05:05+00:00\" \/>\n<meta property=\"og:image\" content=\"https:\/\/achieversllc.com\/wp-content\/uploads\/2015\/07\/DSC_1928-204x300.jpg\" \/>\n<meta name=\"twitter:card\" content=\"summary_large_image\" \/>\n<meta name=\"twitter:label1\" content=\"Tahmini okuma s\u00fcresi\" \/>\n\t<meta name=\"twitter:data1\" content=\"7 dakika\" \/>\n<script type=\"application\/ld+json\" class=\"yoast-schema-graph\">{\"@context\":\"https:\/\/schema.org\",\"@graph\":[{\"@type\":\"WebPage\",\"@id\":\"https:\/\/achieversllc.com\/our-people\/\",\"url\":\"https:\/\/achieversllc.com\/our-people\/\",\"name\":\"Our People -\",\"isPartOf\":{\"@id\":\"https:\/\/achieversllc.com\/#website\"},\"datePublished\":\"2015-07-07T21:44:40+00:00\",\"dateModified\":\"2024-02-21T07:05:05+00:00\",\"breadcrumb\":{\"@id\":\"https:\/\/achieversllc.com\/our-people\/#breadcrumb\"},\"inLanguage\":\"tr\",\"potentialAction\":[{\"@type\":\"ReadAction\",\"target\":[\"https:\/\/achieversllc.com\/our-people\/\"]}]},{\"@type\":\"BreadcrumbList\",\"@id\":\"https:\/\/achieversllc.com\/our-people\/#breadcrumb\",\"itemListElement\":[{\"@type\":\"ListItem\",\"position\":1,\"name\":\"Home\",\"item\":\"https:\/\/achieversllc.com\/\"},{\"@type\":\"ListItem\",\"position\":2,\"name\":\"Our People\"}]},{\"@type\":\"WebSite\",\"@id\":\"https:\/\/achieversllc.com\/#website\",\"url\":\"https:\/\/achieversllc.com\/\",\"name\":\"\",\"description\":\" \",\"publisher\":{\"@id\":\"https:\/\/achieversllc.com\/#organization\"},\"potentialAction\":[{\"@type\":\"SearchAction\",\"target\":{\"@type\":\"EntryPoint\",\"urlTemplate\":\"https:\/\/achieversllc.com\/?s={search_term_string}\"},\"query-input\":\"required name=search_term_string\"}],\"inLanguage\":\"tr\"},{\"@type\":\"Organization\",\"@id\":\"https:\/\/achieversllc.com\/#organization\",\"name\":\"Achievers LLC\",\"url\":\"https:\/\/achieversllc.com\/\",\"logo\":{\"@type\":\"ImageObject\",\"inLanguage\":\"tr\",\"@id\":\"https:\/\/achieversllc.com\/#\/schema\/logo\/image\/\",\"url\":\"https:\/\/achieversllc.com\/wp-content\/uploads\/2015\/09\/cropped-NewLLCLogofw.png\",\"contentUrl\":\"https:\/\/achieversllc.com\/wp-content\/uploads\/2015\/09\/cropped-NewLLCLogofw.png\",\"width\":656,\"height\":250,\"caption\":\"Achievers LLC\"},\"image\":{\"@id\":\"https:\/\/achieversllc.com\/#\/schema\/logo\/image\/\"}}]}<\/script>\n<!-- \/ Yoast SEO plugin. -->","yoast_head_json":{"title":"Our People -","robots":{"index":"index","follow":"follow","max-snippet":"max-snippet:-1","max-image-preview":"max-image-preview:large","max-video-preview":"max-video-preview:-1"},"canonical":"https:\/\/achieversllc.com\/our-people\/","og_locale":"tr_TR","og_type":"article","og_title":"Our People -","og_description":"Mohamed Ibrahim (Mr) Dava Vekili, Avukat &amp;Hukuk Dan\u0131\u015fman\u0131 Avukat, \u0130ngiltere ve Galler Y\u00fcksek Mahkemesi Y\u00fcksek Lisans Diplomas\u0131 E-ticaret Uzman\u0131 (\u0130\u015f odaklan\u0131n) &#8211; Nanyang Polytechnic (Singapur) \u00dcye &#8211; Hukuk Derne\u011fi Mesleki Sorumluluk Komitesi (2004 \u2013 6, 13-14) Belli ba\u015fl\u0131 m\u00fczakerelerde ve y\u00fcksek de\u011ferli s\u00f6zle\u015fmelerde tavsiyeler vermek de dahil olmak \u00fczere \u015firketler ve ticaret hukuku alan\u0131nda geni\u015f [&hellip;]","og_url":"https:\/\/achieversllc.com\/our-people\/","article_modified_time":"2024-02-21T07:05:05+00:00","og_image":[{"url":"https:\/\/achieversllc.com\/wp-content\/uploads\/2015\/07\/DSC_1928-204x300.jpg"}],"twitter_card":"summary_large_image","twitter_misc":{"Tahmini okuma s\u00fcresi":"7 dakika"},"schema":{"@context":"https:\/\/schema.org","@graph":[{"@type":"WebPage","@id":"https:\/\/achieversllc.com\/our-people\/","url":"https:\/\/achieversllc.com\/our-people\/","name":"Our People -","isPartOf":{"@id":"https:\/\/achieversllc.com\/#website"},"datePublished":"2015-07-07T21:44:40+00:00","dateModified":"2024-02-21T07:05:05+00:00","breadcrumb":{"@id":"https:\/\/achieversllc.com\/our-people\/#breadcrumb"},"inLanguage":"tr","potentialAction":[{"@type":"ReadAction","target":["https:\/\/achieversllc.com\/our-people\/"]}]},{"@type":"BreadcrumbList","@id":"https:\/\/achieversllc.com\/our-people\/#breadcrumb","itemListElement":[{"@type":"ListItem","position":1,"name":"Home","item":"https:\/\/achieversllc.com\/"},{"@type":"ListItem","position":2,"name":"Our People"}]},{"@type":"WebSite","@id":"https:\/\/achieversllc.com\/#website","url":"https:\/\/achieversllc.com\/","name":"","description":" ","publisher":{"@id":"https:\/\/achieversllc.com\/#organization"},"potentialAction":[{"@type":"SearchAction","target":{"@type":"EntryPoint","urlTemplate":"https:\/\/achieversllc.com\/?s={search_term_string}"},"query-input":"required name=search_term_string"}],"inLanguage":"tr"},{"@type":"Organization","@id":"https:\/\/achieversllc.com\/#organization","name":"Achievers LLC","url":"https:\/\/achieversllc.com\/","logo":{"@type":"ImageObject","inLanguage":"tr","@id":"https:\/\/achieversllc.com\/#\/schema\/logo\/image\/","url":"https:\/\/achieversllc.com\/wp-content\/uploads\/2015\/09\/cropped-NewLLCLogofw.png","contentUrl":"https:\/\/achieversllc.com\/wp-content\/uploads\/2015\/09\/cropped-NewLLCLogofw.png","width":656,"height":250,"caption":"Achievers LLC"},"image":{"@id":"https:\/\/achieversllc.com\/#\/schema\/logo\/image\/"}}]}},"jetpack_sharing_enabled":true,"_links":{"self":[{"href":"https:\/\/achieversllc.com\/tr\/wp-json\/wp\/v2\/pages\/42","targetHints":{"allow":["GET"]}}],"collection":[{"href":"https:\/\/achieversllc.com\/tr\/wp-json\/wp\/v2\/pages"}],"about":[{"href":"https:\/\/achieversllc.com\/tr\/wp-json\/wp\/v2\/types\/page"}],"author":[{"embeddable":true,"href":"https:\/\/achieversllc.com\/tr\/wp-json\/wp\/v2\/users\/2"}],"replies":[{"embeddable":true,"href":"https:\/\/achieversllc.com\/tr\/wp-json\/wp\/v2\/comments?post=42"}],"version-history":[{"count":40,"href":"https:\/\/achieversllc.com\/tr\/wp-json\/wp\/v2\/pages\/42\/revisions"}],"predecessor-version":[{"id":2207,"href":"https:\/\/achieversllc.com\/tr\/wp-json\/wp\/v2\/pages\/42\/revisions\/2207"}],"wp:attachment":[{"href":"https:\/\/achieversllc.com\/tr\/wp-json\/wp\/v2\/media?parent=42"}],"curies":[{"name":"wp","href":"https:\/\/api.w.org\/{rel}","templated":true}]}}