{"id":50,"date":"2015-07-08T06:07:07","date_gmt":"2015-07-07T22:07:07","guid":{"rendered":"http:\/\/achieversllc.com\/?page_id=50"},"modified":"2026-02-24T15:37:36","modified_gmt":"2026-02-24T07:37:36","slug":"about-us","status":"publish","type":"page","link":"https:\/\/achieversllc.com\/tr\/about-us\/","title":{"rendered":"Achievers Hakk\u0131nda"},"content":{"rendered":"<p>[wordpress_file_upload]<a href=\"http:\/\/achieversllc.com\/wp-content\/uploads\/2015\/07\/1-migration-1024x768-e1442898048728.jpg\"><img loading=\"lazy\" decoding=\"async\" class=\"alignnone size-full wp-image-51\" src=\"http:\/\/achieversllc.com\/wp-content\/uploads\/2015\/07\/1-migration-1024x768-e1442898048728.jpg\" alt=\"About us tab\" width=\"960\" height=\"720\" \/><\/a><\/p>\n<p>Achievers LLC, ba\u015fl\u0131ca m\u00fczakereler ve y\u00fcksek de\u011ferli kontratlar\u0131n her y\u00f6n\u00fcyle ilgili konular da dahil olmak \u00fczere, \u015firketler ve ticaret hukuku konular\u0131nda engin bilgi sahibi uzmanlara sahiptir ve bu uzmanlar\u0131m\u0131z, taahh\u00fct i\u015flerinde, ticaret finansman\u0131 konular\u0131nda, rekabet ve risk \u00fczerinde, h\u0131zl\u0131 ve etkili sulh yoluyla anla\u015fmalarda a\u00e7\u0131k ve net bir ge\u00e7mi\u015f performans\u0131na ve \u00e7e\u015fitli k\u00fclt\u00fcrlerde ve uluslararas\u0131 yarg\u0131lama durumlar\u0131nda ispatlanm\u0131\u015f bir etkinli\u011fe sahiptirler.) Ba\u015fl\u0131ca kuvvetli y\u00f6nlerimiz, \u015fu alanlarda yatmaktad\u0131r:<\/p>\n<ul>\n<li><a title=\"Uluslar \u00f6tesi Hukuk\" href=\"http:\/\/achieversllc.com\/tr\/transnationallaw\/\">Uluslar \u00f6tesi Hukuk<\/a> &#8211; \u00d6zellikle Petrol,Gaz ve Emtia konular\u0131nda.<\/li>\n<li><a title=\"Fon Y\u00f6netimleri\" href=\"http:\/\/achieversllc.com\/tr\/fundmanagment\/\"><span class=\"GINGER_SOFATWARE_correct\">Fon<\/span> Y\u00f6netimleri <\/a>&#8211; Her y\u00f6n\u00fcyle <span class=\"GINGER_SOFATWARE_noSuggestion GINGER_SOFATWARE_correct\">hukuki<\/span> dan\u0131\u015fmanl\u0131k.<\/li>\n<\/ul>\n<p>Daha fazla bilgi almak i\u00e7in <a title=\"Bizimle Temasa Ge\u00e7in\" href=\"http:\/\/achieversllc.com\/tr\/contactus\/\">Bizimle Temasa Ge\u00e7in<\/a> veya bizi daha fazla tan\u0131yabilmek i\u00e7in <a title=\"\u0130nsanlar\u0131m\u0131z\" href=\"http:\/\/achieversllc.com\/tr\/ourpeople\">\u0130nsanlar\u0131m\u0131z <\/a>\u2018\u0131 klikleyin.<\/p>","protected":false},"excerpt":{"rendered":"<p>[wordpress_file_upload] Achievers LLC, ba\u015fl\u0131ca m\u00fczakereler ve y\u00fcksek de\u011ferli kontratlar\u0131n her y\u00f6n\u00fcyle ilgili konular da dahil olmak \u00fczere, \u015firketler ve ticaret hukuku konular\u0131nda engin bilgi sahibi uzmanlara sahiptir ve bu uzmanlar\u0131m\u0131z, taahh\u00fct i\u015flerinde, ticaret finansman\u0131 konular\u0131nda, rekabet ve risk \u00fczerinde, h\u0131zl\u0131 ve etkili sulh yoluyla anla\u015fmalarda a\u00e7\u0131k ve net bir ge\u00e7mi\u015f performans\u0131na ve \u00e7e\u015fitli k\u00fclt\u00fcrlerde ve [&hellip;]<\/p>\n","protected":false},"author":2,"featured_media":51,"parent":0,"menu_order":0,"comment_status":"closed","ping_status":"closed","template":"","meta":{"footnotes":""},"class_list":["post-50","page","type-page","status-publish","has-post-thumbnail","czr-hentry"],"yoast_head":"<!-- This site is optimized with the Yoast SEO plugin v21.1 - https:\/\/yoast.com\/wordpress\/plugins\/seo\/ -->\n<title>Achievers Hakk\u0131nda -<\/title>\n<meta name=\"description\" content=\"Notary Public, Advocate &amp; Solicitor and Commissioner of Oaths located in Victoria Street, Singapore.\" \/>\n<meta name=\"robots\" content=\"index, follow, max-snippet:-1, max-image-preview:large, max-video-preview:-1\" \/>\n<link rel=\"canonical\" href=\"https:\/\/achieversllc.com\/about-us\/\" \/>\n<meta property=\"og:locale\" content=\"tr_TR\" \/>\n<meta property=\"og:type\" content=\"article\" \/>\n<meta property=\"og:title\" content=\"Achievers Hakk\u0131nda -\" \/>\n<meta property=\"og:description\" content=\"Notary Public, Advocate &amp; Solicitor and Commissioner of Oaths located in Victoria Street, Singapore.\" \/>\n<meta property=\"og:url\" content=\"https:\/\/achieversllc.com\/about-us\/\" \/>\n<meta property=\"article:modified_time\" content=\"2026-02-24T07:37:36+00:00\" \/>\n<meta property=\"og:image\" content=\"https:\/\/achieversllc.com\/wp-content\/uploads\/2015\/07\/1-migration-1024x768-e1442898048728.jpg\" \/>\n\t<meta property=\"og:image:width\" content=\"960\" \/>\n\t<meta property=\"og:image:height\" content=\"720\" \/>\n\t<meta property=\"og:image:type\" content=\"image\/jpeg\" \/>\n<meta name=\"twitter:card\" content=\"summary_large_image\" \/>\n<meta name=\"twitter:label1\" content=\"Tahmini okuma s\u00fcresi\" \/>\n\t<meta name=\"twitter:data1\" content=\"3 dakika\" \/>\n<script type=\"application\/ld+json\" class=\"yoast-schema-graph\">{\"@context\":\"https:\/\/schema.org\",\"@graph\":[{\"@type\":\"WebPage\",\"@id\":\"https:\/\/achieversllc.com\/about-us\/\",\"url\":\"https:\/\/achieversllc.com\/about-us\/\",\"name\":\"Achievers Hakk\u0131nda -\",\"isPartOf\":{\"@id\":\"https:\/\/achieversllc.com\/#website\"},\"datePublished\":\"2015-07-07T22:07:07+00:00\",\"dateModified\":\"2026-02-24T07:37:36+00:00\",\"description\":\"Notary Public, Advocate & Solicitor and Commissioner of Oaths located in Victoria Street, Singapore.\",\"breadcrumb\":{\"@id\":\"https:\/\/achieversllc.com\/about-us\/#breadcrumb\"},\"inLanguage\":\"tr\",\"potentialAction\":[{\"@type\":\"ReadAction\",\"target\":[\"https:\/\/achieversllc.com\/about-us\/\"]}]},{\"@type\":\"BreadcrumbList\",\"@id\":\"https:\/\/achieversllc.com\/about-us\/#breadcrumb\",\"itemListElement\":[{\"@type\":\"ListItem\",\"position\":1,\"name\":\"Home\",\"item\":\"https:\/\/achieversllc.com\/\"},{\"@type\":\"ListItem\",\"position\":2,\"name\":\"About Us\"}]},{\"@type\":\"WebSite\",\"@id\":\"https:\/\/achieversllc.com\/#website\",\"url\":\"https:\/\/achieversllc.com\/\",\"name\":\"\",\"description\":\" \",\"publisher\":{\"@id\":\"https:\/\/achieversllc.com\/#organization\"},\"potentialAction\":[{\"@type\":\"SearchAction\",\"target\":{\"@type\":\"EntryPoint\",\"urlTemplate\":\"https:\/\/achieversllc.com\/?s={search_term_string}\"},\"query-input\":\"required name=search_term_string\"}],\"inLanguage\":\"tr\"},{\"@type\":\"Organization\",\"@id\":\"https:\/\/achieversllc.com\/#organization\",\"name\":\"Achievers LLC\",\"url\":\"https:\/\/achieversllc.com\/\",\"logo\":{\"@type\":\"ImageObject\",\"inLanguage\":\"tr\",\"@id\":\"https:\/\/achieversllc.com\/#\/schema\/logo\/image\/\",\"url\":\"https:\/\/achieversllc.com\/wp-content\/uploads\/2015\/09\/cropped-NewLLCLogofw.png\",\"contentUrl\":\"https:\/\/achieversllc.com\/wp-content\/uploads\/2015\/09\/cropped-NewLLCLogofw.png\",\"width\":656,\"height\":250,\"caption\":\"Achievers LLC\"},\"image\":{\"@id\":\"https:\/\/achieversllc.com\/#\/schema\/logo\/image\/\"}}]}<\/script>\n<!-- \/ Yoast SEO plugin. -->","yoast_head_json":{"title":"Achievers Hakk\u0131nda -","description":"Notary Public, Advocate & Solicitor and Commissioner of Oaths located in Victoria Street, Singapore.","robots":{"index":"index","follow":"follow","max-snippet":"max-snippet:-1","max-image-preview":"max-image-preview:large","max-video-preview":"max-video-preview:-1"},"canonical":"https:\/\/achieversllc.com\/about-us\/","og_locale":"tr_TR","og_type":"article","og_title":"Achievers Hakk\u0131nda -","og_description":"Notary Public, Advocate & Solicitor and Commissioner of Oaths located in Victoria Street, Singapore.","og_url":"https:\/\/achieversllc.com\/about-us\/","article_modified_time":"2026-02-24T07:37:36+00:00","og_image":[{"width":960,"height":720,"url":"https:\/\/achieversllc.com\/wp-content\/uploads\/2015\/07\/1-migration-1024x768-e1442898048728.jpg","type":"image\/jpeg"}],"twitter_card":"summary_large_image","twitter_misc":{"Tahmini okuma s\u00fcresi":"3 dakika"},"schema":{"@context":"https:\/\/schema.org","@graph":[{"@type":"WebPage","@id":"https:\/\/achieversllc.com\/about-us\/","url":"https:\/\/achieversllc.com\/about-us\/","name":"Achievers Hakk\u0131nda -","isPartOf":{"@id":"https:\/\/achieversllc.com\/#website"},"datePublished":"2015-07-07T22:07:07+00:00","dateModified":"2026-02-24T07:37:36+00:00","description":"Notary Public, Advocate & Solicitor and Commissioner of Oaths located in Victoria Street, Singapore.","breadcrumb":{"@id":"https:\/\/achieversllc.com\/about-us\/#breadcrumb"},"inLanguage":"tr","potentialAction":[{"@type":"ReadAction","target":["https:\/\/achieversllc.com\/about-us\/"]}]},{"@type":"BreadcrumbList","@id":"https:\/\/achieversllc.com\/about-us\/#breadcrumb","itemListElement":[{"@type":"ListItem","position":1,"name":"Home","item":"https:\/\/achieversllc.com\/"},{"@type":"ListItem","position":2,"name":"About Us"}]},{"@type":"WebSite","@id":"https:\/\/achieversllc.com\/#website","url":"https:\/\/achieversllc.com\/","name":"","description":" ","publisher":{"@id":"https:\/\/achieversllc.com\/#organization"},"potentialAction":[{"@type":"SearchAction","target":{"@type":"EntryPoint","urlTemplate":"https:\/\/achieversllc.com\/?s={search_term_string}"},"query-input":"required name=search_term_string"}],"inLanguage":"tr"},{"@type":"Organization","@id":"https:\/\/achieversllc.com\/#organization","name":"Achievers LLC","url":"https:\/\/achieversllc.com\/","logo":{"@type":"ImageObject","inLanguage":"tr","@id":"https:\/\/achieversllc.com\/#\/schema\/logo\/image\/","url":"https:\/\/achieversllc.com\/wp-content\/uploads\/2015\/09\/cropped-NewLLCLogofw.png","contentUrl":"https:\/\/achieversllc.com\/wp-content\/uploads\/2015\/09\/cropped-NewLLCLogofw.png","width":656,"height":250,"caption":"Achievers LLC"},"image":{"@id":"https:\/\/achieversllc.com\/#\/schema\/logo\/image\/"}}]}},"jetpack_sharing_enabled":true,"_links":{"self":[{"href":"https:\/\/achieversllc.com\/tr\/wp-json\/wp\/v2\/pages\/50","targetHints":{"allow":["GET"]}}],"collection":[{"href":"https:\/\/achieversllc.com\/tr\/wp-json\/wp\/v2\/pages"}],"about":[{"href":"https:\/\/achieversllc.com\/tr\/wp-json\/wp\/v2\/types\/page"}],"author":[{"embeddable":true,"href":"https:\/\/achieversllc.com\/tr\/wp-json\/wp\/v2\/users\/2"}],"replies":[{"embeddable":true,"href":"https:\/\/achieversllc.com\/tr\/wp-json\/wp\/v2\/comments?post=50"}],"version-history":[{"count":2,"href":"https:\/\/achieversllc.com\/tr\/wp-json\/wp\/v2\/pages\/50\/revisions"}],"predecessor-version":[{"id":2250,"href":"https:\/\/achieversllc.com\/tr\/wp-json\/wp\/v2\/pages\/50\/revisions\/2250"}],"wp:featuredmedia":[{"embeddable":true,"href":"https:\/\/achieversllc.com\/tr\/wp-json\/wp\/v2\/media\/51"}],"wp:attachment":[{"href":"https:\/\/achieversllc.com\/tr\/wp-json\/wp\/v2\/media?parent=50"}],"curies":[{"name":"wp","href":"https:\/\/api.w.org\/{rel}","templated":true}]}}