{"id":53,"date":"2015-07-08T06:28:43","date_gmt":"2015-07-07T22:28:43","guid":{"rendered":"http:\/\/achieversllc.com\/?page_id=53"},"modified":"2023-08-28T12:05:20","modified_gmt":"2023-08-28T04:05:20","slug":"our-competencies","status":"publish","type":"page","link":"https:\/\/achieversllc.com\/tr\/our-competencies\/","title":{"rendered":"Yetkinliklerimiz"},"content":{"rendered":"<p><a href=\"http:\/\/achieversllc.com\/wp-content\/uploads\/2015\/07\/about_us.jpg\"><img loading=\"lazy\" decoding=\"async\" class=\"alignnone size-full wp-image-54\" src=\"http:\/\/achieversllc.com\/wp-content\/uploads\/2015\/07\/about_us.jpg\" alt=\"about_us\" width=\"876\" height=\"548\" srcset=\"https:\/\/achieversllc.com\/wp-content\/uploads\/2015\/07\/about_us.jpg 876w, https:\/\/achieversllc.com\/wp-content\/uploads\/2015\/07\/about_us-300x188.jpg 300w\" sizes=\"auto, (max-width: 876px) 100vw, 876px\" \/><\/a><\/p>\n<p>Achievers LLC\u2019de bizler, Singapur\u2019daki, G\u00fcneydo\u011fu Asya\u2019daki ve Birle\u015fik Krall\u0131ktaki deneyimlerimizden temel yetkinliklerimizin etkili bir listesini haz\u0131rlam\u0131\u015f bulunuyoruz. Bu deneyimlerimizin daha b\u00fct\u00fcnsel bir resmini g\u00f6rmek i\u00e7in <span style=\"color: #000080;\"><a style=\"color: #000080;\" title=\"\u0130nsanlar\u0131m\u0131z\" href=\"http:\/\/achieversllc.com\/tr\/ourpeople\/\">\u0130nsanlar\u0131m\u0131z<\/a><\/span> \u2018\u0131 klikleyiniz (t\u0131klay\u0131n\u0131z) Ba\u015fl\u0131ca Kuvvetli Yanlar\u0131m\u0131z;<\/p>\n<ul>\n<li><span style=\"color: #000080;\"><a style=\"color: #000080;\" title=\"\u015eirket \u0130\u015fleri Hukuku\" href=\"http:\/\/achieversllc.com\/tr\/transnationallaw\/\">\u015eirket \u0130\u015fleri Hukuku<\/a><\/span> \u2013 Ba\u015fl\u0131ca Petrol, Gaz ve Emtia konusunda ve<\/li>\n<li><span style=\"color: #000080;\"><a style=\"color: #000080;\" href=\"http:\/\/achieversllc.com\/fundmanagment\/\">Fon Y\u00f6netimi <\/a><\/span>\u2013 Her bak\u0131mdan Yasal ve Hukuki Dan\u0131\u015fmanl\u0131k konusundad\u0131r<\/li>\n<\/ul>\n<h3><strong>\u0130\u015f konusundaki yetkinliklerimiz \u015funlar\u0131 i\u00e7ermektedir:<\/strong><\/h3>\n<ul>\n<li>Taahh\u00fct &amp; Sat\u0131n Alma \u2013 S\u00f6zle\u015fme stratejileri ve m\u00fczakereleri konusunda tavsiyeler<\/li>\n<li>\u015eirketler\/Ticaret Kanunu\u2013 Y\u0131ll\u0131k olarak ortalama 50 milyon ABD$ de\u011ferinde y\u00fcksek de\u011ferli sat\u0131\u015f s\u00f6zle\u015fmeleri<\/li>\n<li>Ticaret Finansman\u0131 \u2013 \u0130slami finans da dahil olmak \u00fczere Akreditifler, teminatlar konusunda tavsiyeler &amp; m\u00fczakereler<\/li>\n<li>Vergi \u2013 WTO y\u00f6netmelikleri; b\u00fct\u00fcn Asya\u2019daki, Pasifik\u2019teki, Anti-damping \u015fartlar\u0131, GST &amp; G\u00fcmr\u00fck Vergileri<\/li>\n<li>Veri Zata Mahsuslu\u011fu Y\u00fck\u00fcml\u00fcl\u00fckleri \u2013 Yasalar ve yarg\u0131lamalar konusunda tavsiyeler<\/li>\n<\/ul>\n<h3><strong>Uzman\u0131 oldu\u011fumuz i\u015f alanlar\u0131m\u0131z, ayn\u0131 zamanda \u015eirketle\/Ticaret Kanunu ve Hukukunu da kapsamaktad\u0131r:<\/strong><\/h3>\n<ul>\n<li>\u0130dare ve Anayasa Hukuku<\/li>\n<li>Denizcilik ve Gemicilik Hukuku<\/li>\n<li>Arbitrasyon (Hakemlik)<\/li>\n<li>Bankac\u0131l\u0131k, Finans, Hisse Senetleri (Menkul De\u011ferler)<\/li>\n<li>Bina ve \u0130n\u015faat Hukuku<\/li>\n<li>Medeni Hukuk ve Ticaret Hukuku<\/li>\n<li>\u015eirketler Hukuku<\/li>\n<li>Vergi Uygulamas\u0131 ve Planlamas\u0131<\/li>\n<li>\u0130stihdam Kanunu (Hukuku)<\/li>\n<li>Fikri M\u00fclkiyet Kanunu ve Hukuku)<\/li>\n<\/ul>\n<h3><strong>Ki\u015fisel\/Aile Hukuku konular\u0131ndaki uzmanl\u0131k alanlar\u0131m\u0131z:<\/strong><\/h3>\n<ul>\n<li>Aile Hukuku<\/li>\n<li>G\u00f6\u00e7menlik Kanunu<\/li>\n<li>Sigorta Hukuku (Kanunu)<\/li>\n<li>M\u00fclk Sahibi ve Kirac\u0131 Kanunu (Hukuku)<\/li>\n<li>Arac\u0131l\u0131k<\/li>\n<li>\u0130slam Hukuku<\/li>\n<li><span style=\"color: #000080;\"><a style=\"color: #000080;\" href=\"http:\/\/achieversllc.com\/tr\/probate-and-administration-of-estates\/\" target=\"_blank\" rel=\"noopener\">Vasiyetnamenin Onaylanmas\u0131 Arazilerin Y\u00f6netimi<\/a><\/span><\/li>\n<li>Ara\u00e7 Kazalar\u0131 ve End\u00fcstriyel Kazalar \u0130\u00e7in Hak Talebinde Bulunulmas\u0131<\/li>\n<li>\u0130\u015f\u00e7ilerin Tazminat Talepleri<\/li>\n<li>\u0130flas<\/li>\n<li>Tasfiye Kanunu (Hukuku)<\/li>\n<li>Gayrimenkul M\u00fclkiyeti Devir \u0130\u015flemi ve M\u00fclkiyet Kanunu<\/li>\n<li>Ceza Hukuku (Kanunu)<\/li>\n<li><span style=\"color: #000080;\"><a style=\"color: #000080;\" href=\"http:\/\/achieversllc.com\/tr\/divorce\/\" target=\"_blank\" rel=\"noopener\">bo\u015fanma<\/a><\/span><\/li>\n<li><span style=\"color: #000080;\"><a style=\"color: #000080;\" href=\"http:\/\/achieversllc.com\/tr\/adoption\/\" target=\"_blank\" rel=\"noopener\">benimseme<\/a><\/span><\/li>\n<\/ul>\n<p>Daha fazla bilgi edinmek i\u00e7in l\u00fctfen <span style=\"color: #000080;\"><a style=\"color: #000080;\" title=\"Bizimle Temas Kurun\" href=\"http:\/\/achieversllc.com\/tr\/contactus\/\">Bizimle Temas Kurun <\/a><\/span> u t\u0131klay\u0131n\u0131z.)<\/p>","protected":false},"excerpt":{"rendered":"<p>Achievers LLC\u2019de bizler, Singapur\u2019daki, G\u00fcneydo\u011fu Asya\u2019daki ve Birle\u015fik Krall\u0131ktaki deneyimlerimizden temel yetkinliklerimizin etkili bir listesini haz\u0131rlam\u0131\u015f bulunuyoruz. Bu deneyimlerimizin daha b\u00fct\u00fcnsel bir resmini g\u00f6rmek i\u00e7in \u0130nsanlar\u0131m\u0131z \u2018\u0131 klikleyiniz (t\u0131klay\u0131n\u0131z) Ba\u015fl\u0131ca Kuvvetli Yanlar\u0131m\u0131z; \u015eirket \u0130\u015fleri Hukuku \u2013 Ba\u015fl\u0131ca Petrol, Gaz ve Emtia konusunda ve Fon Y\u00f6netimi \u2013 Her bak\u0131mdan Yasal ve Hukuki Dan\u0131\u015fmanl\u0131k konusundad\u0131r \u0130\u015f konusundaki [&hellip;]<\/p>\n","protected":false},"author":2,"featured_media":54,"parent":0,"menu_order":0,"comment_status":"closed","ping_status":"closed","template":"","meta":{"footnotes":""},"class_list":["post-53","page","type-page","status-publish","has-post-thumbnail","czr-hentry"],"yoast_head":"<!-- This site is optimized with the Yoast SEO plugin v21.1 - https:\/\/yoast.com\/wordpress\/plugins\/seo\/ -->\n<title>Yetkinliklerimiz -<\/title>\n<meta name=\"robots\" content=\"index, follow, max-snippet:-1, max-image-preview:large, max-video-preview:-1\" \/>\n<link rel=\"canonical\" href=\"https:\/\/achieversllc.com\/our-competencies\/\" \/>\n<meta property=\"og:locale\" content=\"tr_TR\" \/>\n<meta property=\"og:type\" content=\"article\" \/>\n<meta property=\"og:title\" content=\"Yetkinliklerimiz -\" \/>\n<meta property=\"og:description\" content=\"Achievers LLC\u2019de bizler, Singapur\u2019daki, G\u00fcneydo\u011fu Asya\u2019daki ve Birle\u015fik Krall\u0131ktaki deneyimlerimizden temel yetkinliklerimizin etkili bir listesini haz\u0131rlam\u0131\u015f bulunuyoruz. Bu deneyimlerimizin daha b\u00fct\u00fcnsel bir resmini g\u00f6rmek i\u00e7in \u0130nsanlar\u0131m\u0131z \u2018\u0131 klikleyiniz (t\u0131klay\u0131n\u0131z) Ba\u015fl\u0131ca Kuvvetli Yanlar\u0131m\u0131z; \u015eirket \u0130\u015fleri Hukuku \u2013 Ba\u015fl\u0131ca Petrol, Gaz ve Emtia konusunda ve Fon Y\u00f6netimi \u2013 Her bak\u0131mdan Yasal ve Hukuki Dan\u0131\u015fmanl\u0131k konusundad\u0131r \u0130\u015f konusundaki [&hellip;]\" \/>\n<meta property=\"og:url\" content=\"https:\/\/achieversllc.com\/our-competencies\/\" \/>\n<meta property=\"article:modified_time\" content=\"2023-08-28T04:05:20+00:00\" \/>\n<meta property=\"og:image\" content=\"https:\/\/achieversllc.com\/wp-content\/uploads\/2015\/07\/about_us.jpg\" \/>\n\t<meta property=\"og:image:width\" content=\"876\" \/>\n\t<meta property=\"og:image:height\" content=\"548\" \/>\n\t<meta property=\"og:image:type\" content=\"image\/jpeg\" \/>\n<meta name=\"twitter:card\" content=\"summary_large_image\" \/>\n<meta name=\"twitter:label1\" content=\"Tahmini okuma s\u00fcresi\" \/>\n\t<meta name=\"twitter:data1\" content=\"6 dakika\" \/>\n<script type=\"application\/ld+json\" class=\"yoast-schema-graph\">{\"@context\":\"https:\/\/schema.org\",\"@graph\":[{\"@type\":\"WebPage\",\"@id\":\"https:\/\/achieversllc.com\/our-competencies\/\",\"url\":\"https:\/\/achieversllc.com\/our-competencies\/\",\"name\":\"Yetkinliklerimiz -\",\"isPartOf\":{\"@id\":\"https:\/\/achieversllc.com\/#website\"},\"datePublished\":\"2015-07-07T22:28:43+00:00\",\"dateModified\":\"2023-08-28T04:05:20+00:00\",\"breadcrumb\":{\"@id\":\"https:\/\/achieversllc.com\/our-competencies\/#breadcrumb\"},\"inLanguage\":\"tr\",\"potentialAction\":[{\"@type\":\"ReadAction\",\"target\":[\"https:\/\/achieversllc.com\/our-competencies\/\"]}]},{\"@type\":\"BreadcrumbList\",\"@id\":\"https:\/\/achieversllc.com\/our-competencies\/#breadcrumb\",\"itemListElement\":[{\"@type\":\"ListItem\",\"position\":1,\"name\":\"Home\",\"item\":\"https:\/\/achieversllc.com\/\"},{\"@type\":\"ListItem\",\"position\":2,\"name\":\"Our Competencies\"}]},{\"@type\":\"WebSite\",\"@id\":\"https:\/\/achieversllc.com\/#website\",\"url\":\"https:\/\/achieversllc.com\/\",\"name\":\"\",\"description\":\" \",\"publisher\":{\"@id\":\"https:\/\/achieversllc.com\/#organization\"},\"potentialAction\":[{\"@type\":\"SearchAction\",\"target\":{\"@type\":\"EntryPoint\",\"urlTemplate\":\"https:\/\/achieversllc.com\/?s={search_term_string}\"},\"query-input\":\"required name=search_term_string\"}],\"inLanguage\":\"tr\"},{\"@type\":\"Organization\",\"@id\":\"https:\/\/achieversllc.com\/#organization\",\"name\":\"Achievers LLC\",\"url\":\"https:\/\/achieversllc.com\/\",\"logo\":{\"@type\":\"ImageObject\",\"inLanguage\":\"tr\",\"@id\":\"https:\/\/achieversllc.com\/#\/schema\/logo\/image\/\",\"url\":\"https:\/\/achieversllc.com\/wp-content\/uploads\/2015\/09\/cropped-NewLLCLogofw.png\",\"contentUrl\":\"https:\/\/achieversllc.com\/wp-content\/uploads\/2015\/09\/cropped-NewLLCLogofw.png\",\"width\":656,\"height\":250,\"caption\":\"Achievers LLC\"},\"image\":{\"@id\":\"https:\/\/achieversllc.com\/#\/schema\/logo\/image\/\"}}]}<\/script>\n<!-- \/ Yoast SEO plugin. -->","yoast_head_json":{"title":"Yetkinliklerimiz -","robots":{"index":"index","follow":"follow","max-snippet":"max-snippet:-1","max-image-preview":"max-image-preview:large","max-video-preview":"max-video-preview:-1"},"canonical":"https:\/\/achieversllc.com\/our-competencies\/","og_locale":"tr_TR","og_type":"article","og_title":"Yetkinliklerimiz -","og_description":"Achievers LLC\u2019de bizler, Singapur\u2019daki, G\u00fcneydo\u011fu Asya\u2019daki ve Birle\u015fik Krall\u0131ktaki deneyimlerimizden temel yetkinliklerimizin etkili bir listesini haz\u0131rlam\u0131\u015f bulunuyoruz. Bu deneyimlerimizin daha b\u00fct\u00fcnsel bir resmini g\u00f6rmek i\u00e7in \u0130nsanlar\u0131m\u0131z \u2018\u0131 klikleyiniz (t\u0131klay\u0131n\u0131z) Ba\u015fl\u0131ca Kuvvetli Yanlar\u0131m\u0131z; \u015eirket \u0130\u015fleri Hukuku \u2013 Ba\u015fl\u0131ca Petrol, Gaz ve Emtia konusunda ve Fon Y\u00f6netimi \u2013 Her bak\u0131mdan Yasal ve Hukuki Dan\u0131\u015fmanl\u0131k konusundad\u0131r \u0130\u015f konusundaki [&hellip;]","og_url":"https:\/\/achieversllc.com\/our-competencies\/","article_modified_time":"2023-08-28T04:05:20+00:00","og_image":[{"width":876,"height":548,"url":"https:\/\/achieversllc.com\/wp-content\/uploads\/2015\/07\/about_us.jpg","type":"image\/jpeg"}],"twitter_card":"summary_large_image","twitter_misc":{"Tahmini okuma s\u00fcresi":"6 dakika"},"schema":{"@context":"https:\/\/schema.org","@graph":[{"@type":"WebPage","@id":"https:\/\/achieversllc.com\/our-competencies\/","url":"https:\/\/achieversllc.com\/our-competencies\/","name":"Yetkinliklerimiz -","isPartOf":{"@id":"https:\/\/achieversllc.com\/#website"},"datePublished":"2015-07-07T22:28:43+00:00","dateModified":"2023-08-28T04:05:20+00:00","breadcrumb":{"@id":"https:\/\/achieversllc.com\/our-competencies\/#breadcrumb"},"inLanguage":"tr","potentialAction":[{"@type":"ReadAction","target":["https:\/\/achieversllc.com\/our-competencies\/"]}]},{"@type":"BreadcrumbList","@id":"https:\/\/achieversllc.com\/our-competencies\/#breadcrumb","itemListElement":[{"@type":"ListItem","position":1,"name":"Home","item":"https:\/\/achieversllc.com\/"},{"@type":"ListItem","position":2,"name":"Our Competencies"}]},{"@type":"WebSite","@id":"https:\/\/achieversllc.com\/#website","url":"https:\/\/achieversllc.com\/","name":"","description":" ","publisher":{"@id":"https:\/\/achieversllc.com\/#organization"},"potentialAction":[{"@type":"SearchAction","target":{"@type":"EntryPoint","urlTemplate":"https:\/\/achieversllc.com\/?s={search_term_string}"},"query-input":"required name=search_term_string"}],"inLanguage":"tr"},{"@type":"Organization","@id":"https:\/\/achieversllc.com\/#organization","name":"Achievers LLC","url":"https:\/\/achieversllc.com\/","logo":{"@type":"ImageObject","inLanguage":"tr","@id":"https:\/\/achieversllc.com\/#\/schema\/logo\/image\/","url":"https:\/\/achieversllc.com\/wp-content\/uploads\/2015\/09\/cropped-NewLLCLogofw.png","contentUrl":"https:\/\/achieversllc.com\/wp-content\/uploads\/2015\/09\/cropped-NewLLCLogofw.png","width":656,"height":250,"caption":"Achievers LLC"},"image":{"@id":"https:\/\/achieversllc.com\/#\/schema\/logo\/image\/"}}]}},"jetpack_sharing_enabled":true,"_links":{"self":[{"href":"https:\/\/achieversllc.com\/tr\/wp-json\/wp\/v2\/pages\/53","targetHints":{"allow":["GET"]}}],"collection":[{"href":"https:\/\/achieversllc.com\/tr\/wp-json\/wp\/v2\/pages"}],"about":[{"href":"https:\/\/achieversllc.com\/tr\/wp-json\/wp\/v2\/types\/page"}],"author":[{"embeddable":true,"href":"https:\/\/achieversllc.com\/tr\/wp-json\/wp\/v2\/users\/2"}],"replies":[{"embeddable":true,"href":"https:\/\/achieversllc.com\/tr\/wp-json\/wp\/v2\/comments?post=53"}],"version-history":[{"count":6,"href":"https:\/\/achieversllc.com\/tr\/wp-json\/wp\/v2\/pages\/53\/revisions"}],"predecessor-version":[{"id":1346,"href":"https:\/\/achieversllc.com\/tr\/wp-json\/wp\/v2\/pages\/53\/revisions\/1346"}],"wp:featuredmedia":[{"embeddable":true,"href":"https:\/\/achieversllc.com\/tr\/wp-json\/wp\/v2\/media\/54"}],"wp:attachment":[{"href":"https:\/\/achieversllc.com\/tr\/wp-json\/wp\/v2\/media?parent=53"}],"curies":[{"name":"wp","href":"https:\/\/api.w.org\/{rel}","templated":true}]}}