{"id":7,"date":"2015-07-07T09:12:42","date_gmt":"2015-07-07T01:12:42","guid":{"rendered":"http:\/\/achieversllc.com\/?page_id=7"},"modified":"2025-03-04T15:22:24","modified_gmt":"2025-03-04T07:22:24","slug":"our-achievements","status":"publish","type":"page","link":"https:\/\/achieversllc.com\/tr\/our-achievements\/","title":{"rendered":"Ba\u015far\u0131lar\u0131m\u0131z\u0131"},"content":{"rendered":"<p><\/p>\n<h2><a href=\"http:\/\/achieversllc.com\/wp-content\/uploads\/2015\/07\/supreme-court-1381901_960x368.jpg\"><img loading=\"lazy\" decoding=\"async\" class=\"alignnone size-full wp-image-8\" src=\"http:\/\/achieversllc.com\/wp-content\/uploads\/2015\/07\/supreme-court-1381901_960x368.jpg\" alt=\"supreme-court-1381901_960x368\" width=\"960\" height=\"368\" srcset=\"https:\/\/achieversllc.com\/wp-content\/uploads\/2015\/07\/supreme-court-1381901_960x368.jpg 960w, https:\/\/achieversllc.com\/wp-content\/uploads\/2015\/07\/supreme-court-1381901_960x368-300x115.jpg 300w\" sizes=\"auto, (max-width: 960px) 100vw, 960px\" \/><\/a><\/h2>\n<h2>Baz\u0131lar\u0131 a\u015fa\u011f\u0131da listelenmi\u015f olsa da ba\u015far\u0131lar\u0131m\u0131z, \u00e7ok geni\u015f kapsaml\u0131d\u0131r:<\/h2>\n<h3><strong>Kontratlar<\/strong><\/h3>\n<ul>\n<li>Bir m\u00fc\u015fteriyle yap\u0131lm\u0131\u015f co\u011frafi de\u011fi\u015f toku\u015f unsuru i\u00e7eren 700 milyon ABD$ de\u011ferinde \u00e7ok-y\u0131ll\u0131 bir sat\u0131\u015f s\u00f6zle\u015fmesi; Hindistan k\u00f6kenli bir kurulu\u015fla \u00e7ok-y\u0131ll\u0131 yap\u0131lm\u0131\u015f bir sat\u0131\u015f s\u00f6zle\u015fmesi; Uluslararas\u0131 depolama \u015firketleriyle yap\u0131lm\u0131\u015f 140 milyon ABD $\u2019l\u0131k ve 100 milyon ABD $ tutar\u0131nda \u00e7ok-y\u0131ll\u0131 depolama s\u00f6zle\u015fmeleri<\/li>\n<\/ul>\n<h3><b>M\u00fczakereler<\/b><\/h3>\n<ul>\n<li>Sinopec, Sinochem, Exxon, BP, Total, SABIC, Mitsubishi, Mitsui, Toyota, BASF, Bayer, LG, P&amp;G, KAO, Lyondell, Vinmar, Petronas ve Chevron gibi di\u011fer d\u00fcnya \u00e7ap\u0131ndaki uluslar aras\u0131 petrol ve petrokimya \u015firketleriyle yap\u0131lm\u0131\u015f m\u00fczakereler ve sonu\u00e7land\u0131r\u0131lm\u0131\u015f s\u00f6zle\u015fmeler;<\/li>\n<\/ul>\n<h3><b>Hukuki \u0130htilaflar<\/b><\/h3>\n<ul>\n<li>26 milyon $ \u00fczerinde bir de\u011feri olan bir mimari\/ profesyonel m\u00fchendislik kamu y\u00fck\u00fcml\u00fcl\u00fc\u011f\u00fc olan sigorta in\u015fa hasar talebi davas\u0131n\u0131n 3\u00fcnc\u00fc g\u00fcn\u00fcnde sigorta limitleri dahilinde m\u00fczakerelerle sonu\u00e7land\u0131r\u0131lmas\u0131;<\/li>\n<li>Citibank N. A. ad\u0131na ve nam-\u0131 hesab\u0131na O. 51 \u00dccretlerle ilgili Mahkeme Kurallar\u0131 taht\u0131nda takip i\u015flemlerinde adalete uygun alacakl\u0131 esas\u0131na g\u00f6re prensiplerin sa\u011flanmas\u0131 .<\/li>\n<li>Fiziksel onun yerli yard\u0131mc\u0131 k\u00f6t\u00fcye su\u00e7lanan bir m\u00fc\u015fteri i\u00e7in bir beraat garantiledi.<\/li>\n<li>Ow tasfiyesi izleyen karma\u015f\u0131k bir interpleader eylem bir lider bunker tedarik\u00e7isi hareket Bunker (Singapur) .<\/li>\n<\/ul>\n<h3><b>\u0130flas<\/b><\/h3>\n<ul>\n<li>\u0130flas Yasas\u0131 \u2013 Adli Y\u00f6netim alt\u0131na al\u0131nan ve bundan sonra da tasfiye edilen 250 milyon ABD$ ciro yapan ACS Innovation Pte Ltd\u2019nin kurucusu \/ direkt\u00f6r\u00fc i\u00e7in g\u00f6n\u00fcll\u00fc d\u00fczenlemeyi ba\u015faran ilklerden birisiyiz.<\/li>\n<\/ul>\n<h3><b>Su\u00e7<\/b><\/h3>\n<ul>\n<li>K\u0131demli bir avukat\u0131n olumsuz yaz\u0131l\u0131 fikirlerine ra\u011fmen Londra\u2019daki Temyiz Mahkemesinin 4 \u00bd y\u0131ll\u0131k mahkumiyet karar\u0131n\u0131n yar\u0131 yar\u0131ya azalt\u0131lmas\u0131n\u0131n sa\u011flanmas\u0131 i\u00e7in ikna edilmesi.<\/li>\n<li>Cezay\u0131 azaltmak i\u00e7in AG\u2019nin Odas\u0131 i\u00e7in Silahla Sald\u0131r\u0131 Kanununa g\u00f6re davay\u0131 ba\u015far\u0131l\u0131 bi.r \u015fekilde savunarak sonland\u0131rma.<\/li>\n<\/ul>\n<h3><b>G\u00f6\u00e7menlik\/\u0130stihdam<\/b><\/h3>\n<ul>\n<li>G\u00f6\u00e7menlik Temyiz Mahkemesinde vize davalar\u0131nda ba\u015far\u0131l\u0131 bir \u015fekilde olumlu sonu\u00e7land\u0131r\u0131lan davalar ve \u0130stihdam Mahkemesinde yap\u0131c\u0131 bir azlin elde edilmesi.<\/li>\n<\/ul>\n<h3><b>Fikri M\u00fclkiyet<\/b><\/h3>\n<ul>\n<li>Ticari Markalar Kanununa ve Telif Hakk\u0131 Yasas\u0131na g\u00f6re AG\u2019nin Odas\u0131 i\u00e7in DNATA i\u00e7in m\u00fcdafaa davet bile edilmeden \u00f6nce savunman\u0131n ba\u015far\u0131l\u0131 bir \u015fekilde y\u00fcr\u00fct\u00fclmesi.<\/li>\n<\/ul>\n<h2 id=\"tw-target-text\" class=\"tw-data-text vk_txt tw-ta tw-text-medium\" dir=\"ltr\" data-placeholder=\"Translation\"><strong><span lang=\"tr\">evlili\u011fe ait<\/span><\/strong><\/h2>\n<ul>\n<li id=\"tw-target-text\" class=\"tw-data-text vk_txt tw-ta tw-text-small\" dir=\"ltr\" data-placeholder=\"Translation\"><span lang=\"tr\">Sharman Kanunu ve Kad\u0131n \u015eart\u0131 hem zor uygulanmas\u0131n\u0131 i\u00e7eren multi- yarg\u0131 bo\u015fanma konular\u0131nda \u00e7e\u015fitli m\u00fc\u015fteri temsil etti.<\/span><\/li>\n<\/ul>\n<p><\/p>","protected":false},"excerpt":{"rendered":"<p>Baz\u0131lar\u0131 a\u015fa\u011f\u0131da listelenmi\u015f olsa da ba\u015far\u0131lar\u0131m\u0131z, \u00e7ok geni\u015f kapsaml\u0131d\u0131r: Kontratlar Bir m\u00fc\u015fteriyle yap\u0131lm\u0131\u015f co\u011frafi de\u011fi\u015f toku\u015f unsuru i\u00e7eren 700 milyon ABD$ de\u011ferinde \u00e7ok-y\u0131ll\u0131 bir sat\u0131\u015f s\u00f6zle\u015fmesi; Hindistan k\u00f6kenli bir kurulu\u015fla \u00e7ok-y\u0131ll\u0131 yap\u0131lm\u0131\u015f bir sat\u0131\u015f s\u00f6zle\u015fmesi; Uluslararas\u0131 depolama \u015firketleriyle yap\u0131lm\u0131\u015f 140 milyon ABD $\u2019l\u0131k ve 100 milyon ABD $ tutar\u0131nda \u00e7ok-y\u0131ll\u0131 depolama s\u00f6zle\u015fmeleri M\u00fczakereler Sinopec, Sinochem, [&hellip;]<\/p>\n","protected":false},"author":2,"featured_media":8,"parent":0,"menu_order":0,"comment_status":"closed","ping_status":"closed","template":"","meta":{"footnotes":""},"class_list":["post-7","page","type-page","status-publish","has-post-thumbnail","czr-hentry"],"yoast_head":"<!-- This site is optimized with the Yoast SEO plugin v21.1 - https:\/\/yoast.com\/wordpress\/plugins\/seo\/ -->\n<title>Ba\u015far\u0131lar\u0131m\u0131z\u0131 -<\/title>\n<meta name=\"robots\" content=\"index, follow, max-snippet:-1, max-image-preview:large, max-video-preview:-1\" \/>\n<link rel=\"canonical\" href=\"https:\/\/achieversllc.com\/our-achievements\/\" \/>\n<meta property=\"og:locale\" content=\"tr_TR\" \/>\n<meta property=\"og:type\" content=\"article\" \/>\n<meta property=\"og:title\" content=\"Ba\u015far\u0131lar\u0131m\u0131z\u0131 -\" \/>\n<meta property=\"og:description\" content=\"Baz\u0131lar\u0131 a\u015fa\u011f\u0131da listelenmi\u015f olsa da ba\u015far\u0131lar\u0131m\u0131z, \u00e7ok geni\u015f kapsaml\u0131d\u0131r: Kontratlar Bir m\u00fc\u015fteriyle yap\u0131lm\u0131\u015f co\u011frafi de\u011fi\u015f toku\u015f unsuru i\u00e7eren 700 milyon ABD$ de\u011ferinde \u00e7ok-y\u0131ll\u0131 bir sat\u0131\u015f s\u00f6zle\u015fmesi; Hindistan k\u00f6kenli bir kurulu\u015fla \u00e7ok-y\u0131ll\u0131 yap\u0131lm\u0131\u015f bir sat\u0131\u015f s\u00f6zle\u015fmesi; Uluslararas\u0131 depolama \u015firketleriyle yap\u0131lm\u0131\u015f 140 milyon ABD $\u2019l\u0131k ve 100 milyon ABD $ tutar\u0131nda \u00e7ok-y\u0131ll\u0131 depolama s\u00f6zle\u015fmeleri M\u00fczakereler Sinopec, Sinochem, [&hellip;]\" \/>\n<meta property=\"og:url\" content=\"https:\/\/achieversllc.com\/our-achievements\/\" \/>\n<meta property=\"article:modified_time\" content=\"2025-03-04T07:22:24+00:00\" \/>\n<meta property=\"og:image\" content=\"https:\/\/achieversllc.com\/wp-content\/uploads\/2015\/07\/supreme-court-1381901_960x368.jpg\" \/>\n\t<meta property=\"og:image:width\" content=\"960\" \/>\n\t<meta property=\"og:image:height\" content=\"368\" \/>\n\t<meta property=\"og:image:type\" content=\"image\/jpeg\" \/>\n<meta name=\"twitter:card\" content=\"summary_large_image\" \/>\n<meta name=\"twitter:label1\" content=\"Tahmini okuma s\u00fcresi\" \/>\n\t<meta name=\"twitter:data1\" content=\"7 dakika\" \/>\n<script type=\"application\/ld+json\" class=\"yoast-schema-graph\">{\"@context\":\"https:\/\/schema.org\",\"@graph\":[{\"@type\":\"WebPage\",\"@id\":\"https:\/\/achieversllc.com\/our-achievements\/\",\"url\":\"https:\/\/achieversllc.com\/our-achievements\/\",\"name\":\"Ba\u015far\u0131lar\u0131m\u0131z\u0131 -\",\"isPartOf\":{\"@id\":\"https:\/\/achieversllc.com\/#website\"},\"datePublished\":\"2015-07-07T01:12:42+00:00\",\"dateModified\":\"2025-03-04T07:22:24+00:00\",\"breadcrumb\":{\"@id\":\"https:\/\/achieversllc.com\/our-achievements\/#breadcrumb\"},\"inLanguage\":\"tr\",\"potentialAction\":[{\"@type\":\"ReadAction\",\"target\":[\"https:\/\/achieversllc.com\/our-achievements\/\"]}]},{\"@type\":\"BreadcrumbList\",\"@id\":\"https:\/\/achieversllc.com\/our-achievements\/#breadcrumb\",\"itemListElement\":[{\"@type\":\"ListItem\",\"position\":1,\"name\":\"Home\",\"item\":\"https:\/\/achieversllc.com\/\"},{\"@type\":\"ListItem\",\"position\":2,\"name\":\"Our Achievements\"}]},{\"@type\":\"WebSite\",\"@id\":\"https:\/\/achieversllc.com\/#website\",\"url\":\"https:\/\/achieversllc.com\/\",\"name\":\"\",\"description\":\" \",\"publisher\":{\"@id\":\"https:\/\/achieversllc.com\/#organization\"},\"potentialAction\":[{\"@type\":\"SearchAction\",\"target\":{\"@type\":\"EntryPoint\",\"urlTemplate\":\"https:\/\/achieversllc.com\/?s={search_term_string}\"},\"query-input\":\"required name=search_term_string\"}],\"inLanguage\":\"tr\"},{\"@type\":\"Organization\",\"@id\":\"https:\/\/achieversllc.com\/#organization\",\"name\":\"Achievers LLC\",\"url\":\"https:\/\/achieversllc.com\/\",\"logo\":{\"@type\":\"ImageObject\",\"inLanguage\":\"tr\",\"@id\":\"https:\/\/achieversllc.com\/#\/schema\/logo\/image\/\",\"url\":\"https:\/\/achieversllc.com\/wp-content\/uploads\/2015\/09\/cropped-NewLLCLogofw.png\",\"contentUrl\":\"https:\/\/achieversllc.com\/wp-content\/uploads\/2015\/09\/cropped-NewLLCLogofw.png\",\"width\":656,\"height\":250,\"caption\":\"Achievers LLC\"},\"image\":{\"@id\":\"https:\/\/achieversllc.com\/#\/schema\/logo\/image\/\"}}]}<\/script>\n<!-- \/ Yoast SEO plugin. -->","yoast_head_json":{"title":"Ba\u015far\u0131lar\u0131m\u0131z\u0131 -","robots":{"index":"index","follow":"follow","max-snippet":"max-snippet:-1","max-image-preview":"max-image-preview:large","max-video-preview":"max-video-preview:-1"},"canonical":"https:\/\/achieversllc.com\/our-achievements\/","og_locale":"tr_TR","og_type":"article","og_title":"Ba\u015far\u0131lar\u0131m\u0131z\u0131 -","og_description":"Baz\u0131lar\u0131 a\u015fa\u011f\u0131da listelenmi\u015f olsa da ba\u015far\u0131lar\u0131m\u0131z, \u00e7ok geni\u015f kapsaml\u0131d\u0131r: Kontratlar Bir m\u00fc\u015fteriyle yap\u0131lm\u0131\u015f co\u011frafi de\u011fi\u015f toku\u015f unsuru i\u00e7eren 700 milyon ABD$ de\u011ferinde \u00e7ok-y\u0131ll\u0131 bir sat\u0131\u015f s\u00f6zle\u015fmesi; Hindistan k\u00f6kenli bir kurulu\u015fla \u00e7ok-y\u0131ll\u0131 yap\u0131lm\u0131\u015f bir sat\u0131\u015f s\u00f6zle\u015fmesi; Uluslararas\u0131 depolama \u015firketleriyle yap\u0131lm\u0131\u015f 140 milyon ABD $\u2019l\u0131k ve 100 milyon ABD $ tutar\u0131nda \u00e7ok-y\u0131ll\u0131 depolama s\u00f6zle\u015fmeleri M\u00fczakereler Sinopec, Sinochem, [&hellip;]","og_url":"https:\/\/achieversllc.com\/our-achievements\/","article_modified_time":"2025-03-04T07:22:24+00:00","og_image":[{"width":960,"height":368,"url":"https:\/\/achieversllc.com\/wp-content\/uploads\/2015\/07\/supreme-court-1381901_960x368.jpg","type":"image\/jpeg"}],"twitter_card":"summary_large_image","twitter_misc":{"Tahmini okuma s\u00fcresi":"7 dakika"},"schema":{"@context":"https:\/\/schema.org","@graph":[{"@type":"WebPage","@id":"https:\/\/achieversllc.com\/our-achievements\/","url":"https:\/\/achieversllc.com\/our-achievements\/","name":"Ba\u015far\u0131lar\u0131m\u0131z\u0131 -","isPartOf":{"@id":"https:\/\/achieversllc.com\/#website"},"datePublished":"2015-07-07T01:12:42+00:00","dateModified":"2025-03-04T07:22:24+00:00","breadcrumb":{"@id":"https:\/\/achieversllc.com\/our-achievements\/#breadcrumb"},"inLanguage":"tr","potentialAction":[{"@type":"ReadAction","target":["https:\/\/achieversllc.com\/our-achievements\/"]}]},{"@type":"BreadcrumbList","@id":"https:\/\/achieversllc.com\/our-achievements\/#breadcrumb","itemListElement":[{"@type":"ListItem","position":1,"name":"Home","item":"https:\/\/achieversllc.com\/"},{"@type":"ListItem","position":2,"name":"Our Achievements"}]},{"@type":"WebSite","@id":"https:\/\/achieversllc.com\/#website","url":"https:\/\/achieversllc.com\/","name":"","description":" ","publisher":{"@id":"https:\/\/achieversllc.com\/#organization"},"potentialAction":[{"@type":"SearchAction","target":{"@type":"EntryPoint","urlTemplate":"https:\/\/achieversllc.com\/?s={search_term_string}"},"query-input":"required name=search_term_string"}],"inLanguage":"tr"},{"@type":"Organization","@id":"https:\/\/achieversllc.com\/#organization","name":"Achievers LLC","url":"https:\/\/achieversllc.com\/","logo":{"@type":"ImageObject","inLanguage":"tr","@id":"https:\/\/achieversllc.com\/#\/schema\/logo\/image\/","url":"https:\/\/achieversllc.com\/wp-content\/uploads\/2015\/09\/cropped-NewLLCLogofw.png","contentUrl":"https:\/\/achieversllc.com\/wp-content\/uploads\/2015\/09\/cropped-NewLLCLogofw.png","width":656,"height":250,"caption":"Achievers LLC"},"image":{"@id":"https:\/\/achieversllc.com\/#\/schema\/logo\/image\/"}}]}},"jetpack_sharing_enabled":true,"_links":{"self":[{"href":"https:\/\/achieversllc.com\/tr\/wp-json\/wp\/v2\/pages\/7","targetHints":{"allow":["GET"]}}],"collection":[{"href":"https:\/\/achieversllc.com\/tr\/wp-json\/wp\/v2\/pages"}],"about":[{"href":"https:\/\/achieversllc.com\/tr\/wp-json\/wp\/v2\/types\/page"}],"author":[{"embeddable":true,"href":"https:\/\/achieversllc.com\/tr\/wp-json\/wp\/v2\/users\/2"}],"replies":[{"embeddable":true,"href":"https:\/\/achieversllc.com\/tr\/wp-json\/wp\/v2\/comments?post=7"}],"version-history":[{"count":8,"href":"https:\/\/achieversllc.com\/tr\/wp-json\/wp\/v2\/pages\/7\/revisions"}],"predecessor-version":[{"id":2244,"href":"https:\/\/achieversllc.com\/tr\/wp-json\/wp\/v2\/pages\/7\/revisions\/2244"}],"wp:featuredmedia":[{"embeddable":true,"href":"https:\/\/achieversllc.com\/tr\/wp-json\/wp\/v2\/media\/8"}],"wp:attachment":[{"href":"https:\/\/achieversllc.com\/tr\/wp-json\/wp\/v2\/media?parent=7"}],"curies":[{"name":"wp","href":"https:\/\/api.w.org\/{rel}","templated":true}]}}